{"id":1077,"date":"2023-11-20T12:18:53","date_gmt":"2023-11-20T12:18:53","guid":{"rendered":"https:\/\/consizmir.esteri.it\/?page_id=1077"},"modified":"2023-11-20T12:28:19","modified_gmt":"2023-11-20T12:28:19","slug":"il-messaggio","status":"publish","type":"page","link":"https:\/\/consizmir.esteri.it\/it\/chi-siamo\/il-console\/il-messaggio\/","title":{"rendered":"Il Messaggio"},"content":{"rendered":"<p><strong>Messaggio di Saluto del Console d\u2019Italia a Izmir<br \/>\n<\/strong><\/p>\n<p>Cari connazionali e cari amici dell\u2019Italia,<\/p>\n<p>E\u2019 un grande onore aver assunto pochi giorni fa l\u2019incarico di Console d\u2019Italia ad Izmir e desidero rivolgere a tutti i nostri connazionali e agli utenti residenti nella circoscrizione i miei pi\u00f9 calorosi saluti.<\/p>\n<p>Rappresentare il proprio Paese \u2013 sotto la direzione dell\u2019Ambasciata ad Ankara \u2013 in questa parte della Turchia \u00e8 un privilegio, in una citt\u00e0 cos\u00ec dinamica, al servizio di una comunit\u00e0 storica e in un Paese con molteplici connessioni con l\u2019Italia.<\/p>\n<p>Assumo questo incarico con senso di responsabilit\u00e0: sono consapevole della complessit\u00e0 del momento e, insieme a tutta la squadra del Consolato, ci impegneremo ogni giorno per continuare a migliorare l\u2019erogazione dei servizi, promuovendo ove possibile la semplificazione delle procedure, l\u2019innovazione e la digitalizzazione, e per essere sempre un punto di riferimento per i nostri connazionali residenti, per i nostri cittadini in transito nonch\u00e9 per la collettivit\u00e0 locale.<\/p>\n<p>Oltre a servizi consolari efficienti, il Consolato \u00e8 al contempo una finestra sull\u2019Italia per promuovere il nostro bellissimo Paese da tutti i punti di vista, in coordinamento con l\u2019Ambasciata d\u2019Italia ad Ankara e in sinergia con i vari attori del Sistema Italia:\u00a0 dalla cultura al commercio, dalla lingua italiana alla ricerca scientifica e tecnologica, dal turismo allo sport, dalla musica all\u2019arte,\u00a0 vi sono molteplici occasioni di dialogo e collaborazione per far conoscere e apprezzare alla comunit\u00e0 locale le grandi ricchezze dell\u2019Italia e cogliere le opportunit\u00e0 per le nostre aziende e possibili nuovi investimenti.<\/p>\n<p>Il dialogo e la collaborazione con tutte le articolazioni rappresentative saranno due principi fondanti e, nell\u2019invitare tutti voi a seguirci anche sui nostri canali social, sentitevi liberi di farci pervenire i vostri suggerimenti.<\/p>\n<p>Da parte mia e del personale del Consolato troverete sempre il massimo impegno per garantire il pi\u00f9 alto livello di servizio.<\/p>\n<p>Un caloroso saluto,<\/p>\n<p>&nbsp;<\/p>\n<p>Daniele Bianchi<\/p>\n<p>&nbsp;<\/p>\n<p>&nbsp;<\/p>\n","protected":false},"excerpt":{"rendered":"Messaggio di Saluto del Console d\u2019Italia a Izmir Cari connazionali e cari amici dell\u2019Italia, E\u2019 un grande onore aver assunto pochi giorni fa l\u2019incarico di Console d\u2019Italia ad Izmir e desidero rivolgere a tutti i nostri connazionali e agli utenti residenti nella circoscrizione i miei pi\u00f9 calorosi saluti. Rappresentare il proprio Paese \u2013 sotto la [&hellip;]","protected":false},"author":6,"featured_media":0,"parent":46,"menu_order":1,"comment_status":"closed","ping_status":"closed","template":"","meta":{"footnotes":""},"class_list":["post-1077","page","type-page","status-publish","hentry"],"_links":{"self":[{"href":"https:\/\/consizmir.esteri.it\/it\/wp-json\/wp\/v2\/pages\/1077","targetHints":{"allow":["GET"]}}],"collection":[{"href":"https:\/\/consizmir.esteri.it\/it\/wp-json\/wp\/v2\/pages"}],"about":[{"href":"https:\/\/consizmir.esteri.it\/it\/wp-json\/wp\/v2\/types\/page"}],"author":[{"embeddable":true,"href":"https:\/\/consizmir.esteri.it\/it\/wp-json\/wp\/v2\/users\/6"}],"replies":[{"embeddable":true,"href":"https:\/\/consizmir.esteri.it\/it\/wp-json\/wp\/v2\/comments?post=1077"}],"version-history":[{"count":5,"href":"https:\/\/consizmir.esteri.it\/it\/wp-json\/wp\/v2\/pages\/1077\/revisions"}],"predecessor-version":[{"id":1099,"href":"https:\/\/consizmir.esteri.it\/it\/wp-json\/wp\/v2\/pages\/1077\/revisions\/1099"}],"up":[{"embeddable":true,"href":"https:\/\/consizmir.esteri.it\/it\/wp-json\/wp\/v2\/pages\/46"}],"wp:attachment":[{"href":"https:\/\/consizmir.esteri.it\/it\/wp-json\/wp\/v2\/media?parent=1077"}],"curies":[{"name":"wp","href":"https:\/\/api.w.org\/{rel}","templated":true}]}}