{"id":51,"date":"2023-03-26T21:42:28","date_gmt":"2023-03-26T21:42:28","guid":{"rendered":"https:\/\/consizmir.esteri.it\/?page_id=51"},"modified":"2025-12-10T14:07:15","modified_gmt":"2025-12-10T14:07:15","slug":"la-rete-consolare","status":"publish","type":"page","link":"https:\/\/consizmir.esteri.it\/it\/chi-siamo\/la-rete-consolare\/","title":{"rendered":"La Rete Consolare"},"content":{"rendered":"<p>Attualmente, la rete diplomatico-consolare italiana in Turchia consta dell&#8217;Ambasciata d&#8217;Italia ad Ankara, con relativa cancelleria consolare, del Consolato Generale d&#8217;Italia ad Istanbul e del Consolato d&#8217;Italia ad Izmir. La competenza territoriale dei predetti Uffici \u00e9 riscontrabile nella cartina riportata di seguito.<\/p>\n<p><img loading=\"lazy\" decoding=\"async\" class=\"img-fluid alignnone wp-image-161 size-full\" src=\"https:\/\/consizmir.esteri.it\/wp-content\/uploads\/2023\/03\/attuali_circoscrizioni.png\" alt=\"Attuali circoscrizioni\" width=\"888\" height=\"482\" srcset=\"https:\/\/consizmir.esteri.it\/wp-content\/uploads\/2023\/03\/attuali_circoscrizioni.png 888w, https:\/\/consizmir.esteri.it\/wp-content\/uploads\/2023\/03\/attuali_circoscrizioni-300x163.png 300w, https:\/\/consizmir.esteri.it\/wp-content\/uploads\/2023\/03\/attuali_circoscrizioni-768x417.png 768w\" sizes=\"auto, (max-width: 888px) 100vw, 888px\" \/><\/p>\n<p style=\"text-align: justify;\"><strong>Giurisdizione dell\u2019Ambasciata d\u2019Italia ad Ankara:<\/strong><\/p>\n<p style=\"text-align: justify;\">Ankara, Bolu, \u00c7ank\u0131r\u0131, Eski\u015fehir, K\u0131r\u015fehir, K\u0131r\u0131kkale, Hatay, Kahramanmara\u015f, Osmaniye, Gaziantep, Kilis, \u015eanl\u0131urfa, Malatya, Ad\u0131yaman, Elaz\u0131\u011f, Diyarbak\u0131r, Tunceli, Mardin, Bing\u00f6l, Batman, Mu\u015f, Bitlis, Siirt, \u015e\u0131rnak, A\u011fr\u0131, Hakkari, Van<\/p>\n<p style=\"text-align: justify;\"><strong>Giurisdizione del Consolato Generale d\u2019Italia ad \u0130stanbul:<\/strong><\/p>\n<p style=\"text-align: justify;\">\u0130stanbul, Amasya, Artvin, Bilecik, Bursa, \u00c7anakkale, \u00c7orum, Edirne, Erzurum, Erzincan, Giresun, Gum\u00fc\u015fhane, I\u011fd\u0131r, Sakarya, Kocaeli, Ardahan, Bayburt, Kars, K\u0131rklareli, Ordu, Rize, Samsun, Sinop, Sivas, Trabzon, Tokat, Tekirda\u011f, Yalova, Bart\u0131n, D\u00fczce, Karab\u00fck, Kastamonu, Yozgat, Zonguldak<\/p>\n<p style=\"text-align: justify;\"><strong>Giurisdizione del Consolato d\u2019Italia ad \u0130zmir:<\/strong><\/p>\n<p style=\"text-align: justify;\">\u0130zmir, Aksaray, Adana, Afyon, Antalya, Ayd\u0131n, Bal\u0131kesir, Burdur, Denizli, Isparta, Karaman, Kayseri, Konya, Manisa, Mersin, Mu\u011fla, Ni\u011fde, U\u015fak, K\u00fctahya, Nev\u015fehir<\/p>\n<p style=\"text-align: justify;\">Esistono inoltre Uffici Consolari Onorari a Bursa, sotto la giurisdizione del Consolato Generale d\u2019Italia ad \u0130stanbul; ad Antalya, Bodrum e Nev\u015fehir sotto la giurisdizione del Consolato d\u2019Italia ad \u0130zmir; a \u0130skenderun e Gaziantep sotto la giurisdizione dell\u2019Ambasciata d\u2019Italia ad Ankara.<\/p>\n<p>&nbsp;<\/p>\n<p><strong><a href=\"https:\/\/ambankara.esteri.it\/it\/servizi-consolari-e-visti\/\">Ambasciata d\u2019Italia ad Ankara\u00a0 (Sezione consolare)<\/a><br \/>\n<\/strong>Atat\u00fcrk Bulvar\u0131 n. 118<br \/>\n06680, Ankara<br \/>\nTel:\u00a0<span class=\"baec5a81-e4d6-4674-97f3-e9220f0136c1\">+90 312 45 74 200<\/span><br \/>\nFax:\u00a0<span class=\"baec5a81-e4d6-4674-97f3-e9220f0136c1\">+90 312 45 74 281<\/span><br \/>\ne-mail:\u00a0<a href=\"mailto:consolare.ambankara@esteri.it\">consolare.ambankara@esteri.it<\/a><\/p>\n<p>Orari di apertura al pubblico:<br \/>\ndal luned\u00ec al venerd\u00ec dalle 09:00 alle 12:30 o su appuntamento<\/p>\n<p>&nbsp;<\/p>\n<p><a href=\"https:\/\/consistanbul.esteri.it\/consolato_istanbul\/it\/\"><strong>Consolato Generale d\u2019Italia ad Istanbul<\/strong><\/a><br \/>\nTom Tom Kaptan Sokak n. 15<br \/>\nBo\u011fazkesen, Beyo\u011flu, \u0130stanbul<br \/>\nTel: +90 212 243 10 24 \u2013 243 10 25 \u2013 244 32 59<br \/>\nFax:\u00a0<span class=\"baec5a81-e4d6-4674-97f3-e9220f0136c1\">+90 212 252 58 79<\/span><br \/>\ne-mail:\u00a0<a href=\"mailto:consolatogenerale.istanbul@esteri.it\">consolatogenerale.istanbul@esteri.it<\/a><\/p>\n<p>Orari di apertura al pubblico:<br \/>\ndal luned\u00ec al venerd\u00ec dalle 09:00 alle 12:00<\/p>\n<p>&nbsp;<\/p>\n<p><strong>Consolato d\u2019Italia ad Izmir<\/strong><br \/>\nAkdeniz Mh. \u015eehit Fethi Bey Caddesi No. 55<br \/>\nKonak \/ Izmir<br \/>\nTel.: + 90 232 463 66 76 \/ +90 232 463 66 96<br \/>\nFax +90 232 421 25 12<br \/>\ne-mail: <a href=\"mailto:consolato.izmir@esteri.it\">consolato.izmir@esteri.it<\/a><\/p>\n<p>Orari di apertura al pubblico:<br \/>\ndal luned\u00ec al venerd\u00ec su appuntamento<\/p>\n<p>&nbsp;<\/p>\n<p><strong>UFFICI ONORARI<\/strong><\/p>\n<p><strong>Consolato Onorario d\u2019Italia a Bursa<br \/>\n<\/strong>Giurisdizione: Bursa<br \/>\nConsole Onorario Sig.ra Oya \u0130zmirli<br \/>\nIndirizzo: Oulu Caddesi Ba\u015faran Sokak Diniz Apt. N. 2\/1 \u2013 Bursa<\/p>\n<p>Tel:\u00a0<span class=\"baec5a81-e4d6-4674-97f3-e9220f0136c1\">+90 224 2349682<\/span> &#8211; 2335514<br \/>\nFax:\u00a0<span class=\"baec5a81-e4d6-4674-97f3-e9220f0136c1\">+90 224 2335514<\/span><\/p>\n<p><a href=\"mailto:bursa.onorario@esteri.it\">bursa.onorario@esteri.it<\/a><\/p>\n<p><a href=\"https:\/\/consizmir.esteri.it\/wp-content\/uploads\/2023\/07\/Bursa-1.pdf\">DECRETO LIMITAZIONE FUNZIONI<\/a><\/p>\n<p>&nbsp;<\/p>\n<p><strong>Vice Consolato Onorario d\u2019Italia a Nev\u015fehir<br \/>\n<\/strong>Giurisdizione: Nev\u015fehir, K\u0131r\u015fehir, Yozgat<br \/>\nVice Console Onorario Sig. Veli T\u00f6ren<br \/>\nIndirizzo: Tevfik Fikret Caddesi No:13, \u00dcrg\u00fcp- Nev\u015fehir<\/p>\n<p>Tel:\u00a0<span class=\"baec5a81-e4d6-4674-97f3-e9220f0136c1\">+90 384 3414688<\/span><br \/>\nfax:\u00a0\u00a0<span class=\"baec5a81-e4d6-4674-97f3-e9220f0136c1\">+90 384 3418866<\/span><\/p>\n<p><a href=\"mailto:nevsehir.onorario@esteri.it\">nevsehir.onorario@esteri.it<\/a><br \/>\n<a href=\"mailto:veli@argeus.com\">veli@argeus.com<\/a><\/p>\n<p><a href=\"https:\/\/consizmir.esteri.it\/wp-content\/uploads\/2023\/07\/Nevsehir-1.pdf\">DECRETO LIMITAZIONE FUNZIONI<\/a><\/p>\n<p>&nbsp;<\/p>\n<p><strong>Consolato Onorario d\u2019Italia ad \u0130skenderun<br \/>\n<\/strong>Giurisdizione: Hatay, Icel, Adana, Osmaniye<br \/>\nVice Console Onorario Sig. Alfredo Antonio Levante<br \/>\nIndirizzo: Atat\u00fcrk Bulvar\u0131 \u00dcnsal I\u015fhan\u0131 Kat 3 D:2<br \/>\n\u0130skenderun<\/p>\n<p>Tel:\u00a0<span class=\"baec5a81-e4d6-4674-97f3-e9220f0136c1\">+90 326 6136091<\/span><br \/>\nFax:\u00a0<span class=\"baec5a81-e4d6-4674-97f3-e9220f0136c1\">+90 326 6179193<\/span><\/p>\n<p><a href=\"mailto:iskenderun.onorario@esteri.it\">iskenderun.onorario@esteri.it<\/a><br \/>\n<a href=\"mailto:isk.italconsul@levante.com.tr\">isk.italconsul@levante.com.tr<\/a><\/p>\n<p><a href=\"https:\/\/consizmir.esteri.it\/wp-content\/uploads\/2023\/07\/estratto_dlf_levante_co_iskenderun_turchia-1.pdf\">DECRETO LIMITAZIONE FUNZIONI<\/a><\/p>\n<p>&nbsp;<\/p>\n<p><strong>Consolato Onorario d\u2019Italia a Gaziantep<br \/>\n<\/strong>Giurisdizione:Adiyaman, Batman, Diyarbakir, Gaziantep, Kilis, Mardin, Sanliurfa, Siirt, Sirnak<br \/>\nConsole Onorario S.ra Mehpare \u015eayan Kileci<br \/>\nIndirizzo: Gatem Sitesi 15. Blok no 31\/33, 27110 \u015eehitkamil \u2013 Gaziantep<\/p>\n<p>Tel: <span class=\"baec5a81-e4d6-4674-97f3-e9220f0136c1\">+90 342 2381428<\/span><\/p>\n<p><a href=\"mailto:gaziantep.onorario@esteri.it\">gaziantep.onorario@esteri.it<\/a><br \/>\n<a href=\"mailto:mskileci@gapdanismanlik.com\">mskileci@gapdanismanlik.com<\/a><\/p>\n<p><a href=\"https:\/\/consizmir.esteri.it\/wp-content\/uploads\/2023\/07\/estratto_dlf_sayan_kileci_co_gaziantep_turchia-2.pdf\">DECRETO LIMITAZIONE FUNZIONI<\/a><\/p>\n<p>&nbsp;<\/p>\n<p><strong>Consolato Onorario d\u2019Italia ad Antalya<\/strong><\/p>\n<p>Giurisdizione: Provincia di Antalya<br \/>\nConsole Onorario Ramazan \u00dc\u00e7dan<br \/>\nIndirizzo: Belek Mah. Cumhuruyet Cad no. 7\/102, Belek\/Serik\/Antalya<\/p>\n<p>Tel: +90 242 711 07 07<\/p>\n<p><a href=\"https:\/\/ambankara.esteri.it\/ambasciata_ankara\/mail%20to:antalya.onorario@esteri.it\">antalya.onorario@esteri.it<\/a><\/p>\n<p><a href=\"https:\/\/consizmir.esteri.it\/wp-content\/uploads\/2025\/03\/Decreto-Limitazione-Funzioni-Antalya.pdf\">DECRETO LIMITAZIONE FUNZIONI<\/a><\/p>\n<p>&nbsp;<\/p>\n<p><strong>Vice Consolato Onorario d\u2019Italia a Bodrum<\/strong><\/p>\n<p>Giurisdizione:\u00a0Provincia di Mugla<br \/>\nVice Console Onorario Sinan Kiziltan<br \/>\nIndirizzo: Milas-Bodrum Karayolu 18.Km. Kemikler K\u00f6y\u00fc Mevkii Milas \u2013 Mu\u011fla<\/p>\n<p>Tel:\u00a0<span class=\"baec5a81-e4d6-4674-97f3-e9220f0136c1\">+90 532 7797068\u00a0<\/span> \/ <span class=\"baec5a81-e4d6-4674-97f3-e9220f0136c1\">+90 252 3330039<\/span><\/p>\n<p>E-mail: <a href=\"https:\/\/ambankara.esteri.it\/ambasciata_ankara\/mail%20to:bodrum.onorario@esteri.it\">bodrum.onorario@esteri.it<\/a><\/p>\n<p><a href=\"https:\/\/consizmir.esteri.it\/wp-content\/uploads\/2023\/07\/decreto_di_limitazione_funzioni_-_bodrum-1.pdf\">DECRETO LIMITAZIONE FUNZIONI<\/a><\/p>\n<p>&nbsp;<\/p>\n<p><strong>CORRISPONDENTI CONSOLARI:<\/strong><\/p>\n<p>Giurisdizione: Ku\u015fadas\u0131<\/p>\n<p>Corrispondente consolare Murat Sarac<\/p>\n<p>Tel: 05326144337<\/p>\n<p>Email: <a href=\"mailto:mrtsarac68@gmail.com\">mrtsarac68@gmail.com<\/a><\/p>\n<p>&nbsp;<\/p>\n<p>Giurisdizione: \u00c7e\u015fme<\/p>\n<p>Corrispondente Consolare Pandely Lorenzo Argenti<\/p>\n<p>Tel: +90 553 482 60 22<\/p>\n<p>E-mail: <a href=\"mailto:lorenzo.argenti@libero.it\">lorenzo.argenti@libero.it<\/a><\/p>\n","protected":false},"excerpt":{"rendered":"Attualmente, la rete diplomatico-consolare italiana in Turchia consta dell&#8217;Ambasciata d&#8217;Italia ad Ankara, con relativa cancelleria consolare, del Consolato Generale d&#8217;Italia ad Istanbul e del Consolato d&#8217;Italia ad Izmir. La competenza territoriale dei predetti Uffici \u00e9 riscontrabile nella cartina riportata di seguito. Giurisdizione dell\u2019Ambasciata d\u2019Italia ad Ankara: Ankara, Bolu, \u00c7ank\u0131r\u0131, Eski\u015fehir, K\u0131r\u015fehir, K\u0131r\u0131kkale, Hatay, Kahramanmara\u015f, Osmaniye, [&hellip;]","protected":false},"author":2,"featured_media":0,"parent":17,"menu_order":12,"comment_status":"closed","ping_status":"closed","template":"","meta":{"footnotes":""},"class_list":["post-51","page","type-page","status-publish","hentry"],"_links":{"self":[{"href":"https:\/\/consizmir.esteri.it\/it\/wp-json\/wp\/v2\/pages\/51","targetHints":{"allow":["GET"]}}],"collection":[{"href":"https:\/\/consizmir.esteri.it\/it\/wp-json\/wp\/v2\/pages"}],"about":[{"href":"https:\/\/consizmir.esteri.it\/it\/wp-json\/wp\/v2\/types\/page"}],"author":[{"embeddable":true,"href":"https:\/\/consizmir.esteri.it\/it\/wp-json\/wp\/v2\/users\/2"}],"replies":[{"embeddable":true,"href":"https:\/\/consizmir.esteri.it\/it\/wp-json\/wp\/v2\/comments?post=51"}],"version-history":[{"count":7,"href":"https:\/\/consizmir.esteri.it\/it\/wp-json\/wp\/v2\/pages\/51\/revisions"}],"predecessor-version":[{"id":4052,"href":"https:\/\/consizmir.esteri.it\/it\/wp-json\/wp\/v2\/pages\/51\/revisions\/4052"}],"up":[{"embeddable":true,"href":"https:\/\/consizmir.esteri.it\/it\/wp-json\/wp\/v2\/pages\/17"}],"wp:attachment":[{"href":"https:\/\/consizmir.esteri.it\/it\/wp-json\/wp\/v2\/media?parent=51"}],"curies":[{"name":"wp","href":"https:\/\/api.w.org\/{rel}","templated":true}]}}