{"id":555,"date":"2023-09-13T10:57:36","date_gmt":"2023-09-13T10:57:36","guid":{"rendered":"https:\/\/consizmir.esteri.it\/?page_id=555"},"modified":"2023-09-14T07:56:23","modified_gmt":"2023-09-14T07:56:23","slug":"nascita","status":"publish","type":"page","link":"https:\/\/consizmir.esteri.it\/it\/servizi-consolari-e-visti\/servizi-per-il-cittadino-italiano\/stato-civile\/nascita\/","title":{"rendered":"Nascita"},"content":{"rendered":"<p>I figli di cittadini italiani, anche se nati in Turchia ed eventualmente in possesso di un\u2019altra cittadinanza, sono cittadini italiani.<\/p>\n<p>Per effettuare la comunicazione di una nascita, bisogna presentarsi all\u2019Ufficio Consolare con i seguenti documenti:<\/p>\n<ul>\n<li>atto di nascita plurilingue (<a href=\"https:\/\/consizmir.esteri.it\/wp-content\/uploads\/2023\/09\/181_dogum-belgesi-ceviri.jpg\">Formulario A<\/a>), emesso dal competente Ufficio di Stato Civile del Paese in cui si risiede. Sulla base della Convenzione di Vienna dell\u20198 settembre 1976, art. 8, di cui \u00e8 firmataria anche la Turchia \u2013come specificato sul retro del modulo plurilingue rilasciato dalle Autorit\u00e0 turche \u2013 gli estratti plurilingue sono accettati nel territorio di ciascuno degli Stati vincolati a detta Convenzione senza legalizzazione o formalit\u00e0 equivalente;<\/li>\n<li>documentazione comprovante la cittadinanza italiana di almeno uno dei genitori (carta d\u2019identit\u00e0, passaporto italiano) o dichiarazione sostitutiva comprovante la cittadinanza italiana di almeno uno dei genitori (se non iscritto nello schedario consolare).<\/li>\n<li><a href=\"https:\/\/consizmir.esteri.it\/wp-content\/uploads\/2023\/09\/modulo_richiesta_trascrizione_certificato_nascita1.doc\">istanza di trascrizione dell&#8217;atto di nascita<\/a> da parte del genitore italiano (almeno uno dei genitori) corredata dei documenti di identit\u00e0 dei due genitori e di un certificato di residenza, ove non iscritti AIRE.<\/li>\n<\/ul>\n<p>A seguito della sentenza n. 286\/2016 della Corte Costituzionale sono ricevibili ai fini della trascrizione anche gli atti di nascita, presentati da genitori di cittadinanza italiana, che rechino il cognome materno in aggiunta a quello paterno. L\u2019atto di nascita dovr\u00e0 essere accompagnato da una prova della comune volont\u00e0 dei genitori di attribuire al figlio anche il cognome della madre.<\/p>\n<p>La comune volont\u00e0 dei genitori pu\u00f2 essere espressa dinanzi alle autorit\u00e0 di Stato Civile locale e deve essere, in tal caso, riportata nell\u2019atto di nascita o in un documento allegato. Laddove tale volont\u00e0 non sia stata espressa dinanzi alle autorit\u00e0 locali, si fa salva la possibilit\u00e0 per i genitori (entrambi di cittadinanza italiana) di manifestare la volont\u00e0 comune presso gli Uffici consolari competenti contestualmente alla richiesta di trascrizione dell\u2019 atto di nascita firmato dalle autorit\u00e0 turche.<\/p>\n","protected":false},"excerpt":{"rendered":"I figli di cittadini italiani, anche se nati in Turchia ed eventualmente in possesso di un\u2019altra cittadinanza, sono cittadini italiani. Per effettuare la comunicazione di una nascita, bisogna presentarsi all\u2019Ufficio Consolare con i seguenti documenti: atto di nascita plurilingue (Formulario A), emesso dal competente Ufficio di Stato Civile del Paese in cui si risiede. Sulla [&hellip;]","protected":false},"author":6,"featured_media":0,"parent":83,"menu_order":1,"comment_status":"closed","ping_status":"closed","template":"","meta":{"footnotes":""},"class_list":["post-555","page","type-page","status-publish","hentry"],"_links":{"self":[{"href":"https:\/\/consizmir.esteri.it\/it\/wp-json\/wp\/v2\/pages\/555","targetHints":{"allow":["GET"]}}],"collection":[{"href":"https:\/\/consizmir.esteri.it\/it\/wp-json\/wp\/v2\/pages"}],"about":[{"href":"https:\/\/consizmir.esteri.it\/it\/wp-json\/wp\/v2\/types\/page"}],"author":[{"embeddable":true,"href":"https:\/\/consizmir.esteri.it\/it\/wp-json\/wp\/v2\/users\/6"}],"replies":[{"embeddable":true,"href":"https:\/\/consizmir.esteri.it\/it\/wp-json\/wp\/v2\/comments?post=555"}],"version-history":[{"count":4,"href":"https:\/\/consizmir.esteri.it\/it\/wp-json\/wp\/v2\/pages\/555\/revisions"}],"predecessor-version":[{"id":629,"href":"https:\/\/consizmir.esteri.it\/it\/wp-json\/wp\/v2\/pages\/555\/revisions\/629"}],"up":[{"embeddable":true,"href":"https:\/\/consizmir.esteri.it\/it\/wp-json\/wp\/v2\/pages\/83"}],"wp:attachment":[{"href":"https:\/\/consizmir.esteri.it\/it\/wp-json\/wp\/v2\/media?parent=555"}],"curies":[{"name":"wp","href":"https:\/\/api.w.org\/{rel}","templated":true}]}}