{"id":566,"date":"2023-09-13T11:15:54","date_gmt":"2023-09-13T11:15:54","guid":{"rendered":"https:\/\/consizmir.esteri.it\/?page_id=566"},"modified":"2023-09-13T11:19:48","modified_gmt":"2023-09-13T11:19:48","slug":"riconoscimento-di-sentenze-straniere-divorzio-adozione-cambiamento-di-nome-o-cognome-o-altro","status":"publish","type":"page","link":"https:\/\/consizmir.esteri.it\/it\/servizi-consolari-e-visti\/servizi-per-il-cittadino-italiano\/stato-civile\/riconoscimento-di-sentenze-straniere-divorzio-adozione-cambiamento-di-nome-o-cognome-o-altro\/","title":{"rendered":"Riconoscimento di sentenze straniere (divorzio, adozione, cambiamento di nome o cognome o altro)"},"content":{"rendered":"<div class=\"entry-content\">\n<p>La legge di diritto internazionale privato n. 218\/1995 prevede, quale regola generale, l\u2019automatica efficacia in Italia di sentenze straniere che rispettino alcuni requisiti basilari di compatibilit\u00e0 con l\u2019ordinamento italiano. Fa eccezione il riconoscimento in Italia di sentenze straniere di adozione di minori, per le quali si invita a consultare l\u2019apposita\u00a0<a class=\"\" href=\"https:\/\/www.esteri.it\/it\/servizi-consolari-e-visti\/italiani-all-estero\/adozioni-internazionali\">sezione<\/a>\u00a0dedicata.<\/p>\n<p align=\"left\">I provvedimenti stranieri devono essere trascritti presso il Comune italiano competente.<\/p>\n<p align=\"left\">Le sentenze straniere, munite di legalizzazione e traduzione in italiano, possono essere presentate\u00a0 per la trascrizione in Italia:<\/p>\n<ul>\n<li>\n<div align=\"left\">al Comune italiano, direttamente dall\u2019interessato;<\/div>\n<\/li>\n<li>\n<div align=\"left\">oppure al Consolato italiano nella cui circoscrizione \u00e8 stata emessa la sentenza.<\/div>\n<\/li>\n<\/ul>\n<p align=\"left\">Per richiedere la trascrizione \u00e8 necessario esibire un documento di identit\u00e0 in corso di validit\u00e0 e produrre:<\/p>\n<ul>\n<li>\n<div align=\"left\">istanza di trasmissione della sentenza sotto forma di dichiarazione sostitutiva di atto notorio resa ai sensi dell\u2019art. 47 del DPR 445\/2000 attestante la sussistenza dei requisiti di cui all\u2019art. 64 della legge 218\/1995 nella quale si dichiara che la sentenza non \u00e8 contraria ad altre sentenze pronunciate da un giudice italiano e che non pende un giudizio davanti a un giudice italiano per il medesimo oggetto e fra le stesse parti;<\/div>\n<\/li>\n<li>\n<div align=\"left\">copia integrale della sentenza passata in giudacato, debitamente aspotillata, tradotta e apostillata.<\/div>\n<\/li>\n<\/ul>\n<p align=\"left\">\u00c8 comunque opportuno, in ogni caso, prendere preventivo contatto con la Rappresentanza diplomatica o consolare territorialmente competente per ulteriori precisazioni, o per conoscere ulteriori requisiti previsti da eventuali Accordi bilaterali o\u00a0 multilaterali.<\/p>\n<\/div>\n","protected":false},"excerpt":{"rendered":"La legge di diritto internazionale privato n. 218\/1995 prevede, quale regola generale, l\u2019automatica efficacia in Italia di sentenze straniere che rispettino alcuni requisiti basilari di compatibilit\u00e0 con l\u2019ordinamento italiano. Fa eccezione il riconoscimento in Italia di sentenze straniere di adozione di minori, per le quali si invita a consultare l\u2019apposita\u00a0sezione\u00a0dedicata. I provvedimenti stranieri devono essere [&hellip;]","protected":false},"author":6,"featured_media":0,"parent":83,"menu_order":6,"comment_status":"closed","ping_status":"closed","template":"","meta":{"footnotes":""},"class_list":["post-566","page","type-page","status-publish","hentry"],"_links":{"self":[{"href":"https:\/\/consizmir.esteri.it\/it\/wp-json\/wp\/v2\/pages\/566","targetHints":{"allow":["GET"]}}],"collection":[{"href":"https:\/\/consizmir.esteri.it\/it\/wp-json\/wp\/v2\/pages"}],"about":[{"href":"https:\/\/consizmir.esteri.it\/it\/wp-json\/wp\/v2\/types\/page"}],"author":[{"embeddable":true,"href":"https:\/\/consizmir.esteri.it\/it\/wp-json\/wp\/v2\/users\/6"}],"replies":[{"embeddable":true,"href":"https:\/\/consizmir.esteri.it\/it\/wp-json\/wp\/v2\/comments?post=566"}],"version-history":[{"count":2,"href":"https:\/\/consizmir.esteri.it\/it\/wp-json\/wp\/v2\/pages\/566\/revisions"}],"predecessor-version":[{"id":568,"href":"https:\/\/consizmir.esteri.it\/it\/wp-json\/wp\/v2\/pages\/566\/revisions\/568"}],"up":[{"embeddable":true,"href":"https:\/\/consizmir.esteri.it\/it\/wp-json\/wp\/v2\/pages\/83"}],"wp:attachment":[{"href":"https:\/\/consizmir.esteri.it\/it\/wp-json\/wp\/v2\/media?parent=566"}],"curies":[{"name":"wp","href":"https:\/\/api.w.org\/{rel}","templated":true}]}}