{"id":94,"date":"2023-03-26T22:04:52","date_gmt":"2023-03-26T22:04:52","guid":{"rendered":"https:\/\/consizmir.esteri.it\/?page_id=94"},"modified":"2025-06-18T12:38:15","modified_gmt":"2025-06-18T12:38:15","slug":"traduzione-e-legalizzazione-dei-documenti","status":"publish","type":"page","link":"https:\/\/consizmir.esteri.it\/it\/servizi-consolari-e-visti\/servizi-per-il-cittadino-italiano\/traduzione-e-legalizzazione-dei-documenti\/","title":{"rendered":"Traduzione e legalizzazione dei documenti"},"content":{"rendered":"<div class=\"entry-content\">\n<div>\n<p><strong>Traduzione e legalizzazione dei documenti<\/strong><\/p>\n<p>Si segnala che nei Paesi che hanno sottoscritto la Convenzione dell\u2019Aia del 5 ottobre 1961 relativa all\u2019abolizione della legalizzazione di atti pubblici stranieri, la necessit\u00e0 di legalizzare gli atti e i documenti rilasciati da autorit\u00e0 straniere \u00e8 sostituita dall\u2019apposizione della \u201cpostilla\u201d o \u201capostille\u201d.<\/p>\n<p>La Turchia ha aderito a tale Convenzione, pertanto <strong>per gli atti pubblici turchi non c\u2019\u00e8 bisogno di recarsi presso il Consolato <\/strong>e chiedere la legalizzazione, ma l\u2019interessato pu\u00f2 recarsi presso la competente autorit\u00e0 interna designata per ottenere l\u2019apposizione della postilla sul documento. In Turchia, <strong>l\u2019autorit\u00e0 competente all\u2019apposizione dell\u2019Apostille \u00e8 la Prefettura\/Vice Prefettura (<em>Valilik\/Kaymakaml\u0131k<\/em> in turco)<\/strong>. Cos\u00ec perfezionato il documento viene riconosciuto in Italia.<\/p>\n<p>Se le autorit\u00e0 richiedono le traduzioni dei documenti, spetta agli utenti provvedere autonomamente a far tradurre i documenti di loro interesse rivolgendosi ad un notaio\/traduttore giurato. Il Consolato non effettua traduzioni. La traduzione effettuata dal traduttore giurato deve essere vidimata dal notaio e infine legalizzata tramite l\u2019apposizione dell\u2019Apostille.<\/p>\n<p>Per un elenco di cortesia di traduttori e interpreti a cui \u00e8 possibile rivolgersi nell\u2019area di Izmir,\u00a0<a href=\"https:\/\/consizmir.esteri.it\/wp-content\/uploads\/2023\/08\/elenco_dei_traduttori_di_riferimento_del_consolato_ditalia_ad_izmir_02_08_23.pdf\">clicca qui<\/a>.<\/p>\n<\/div>\n<\/div>\n","protected":false},"excerpt":{"rendered":"Traduzione e legalizzazione dei documenti Si segnala che nei Paesi che hanno sottoscritto la Convenzione dell\u2019Aia del 5 ottobre 1961 relativa all\u2019abolizione della legalizzazione di atti pubblici stranieri, la necessit\u00e0 di legalizzare gli atti e i documenti rilasciati da autorit\u00e0 straniere \u00e8 sostituita dall\u2019apposizione della \u201cpostilla\u201d o \u201capostille\u201d. La Turchia ha aderito a tale Convenzione, [&hellip;]","protected":false},"author":2,"featured_media":0,"parent":62,"menu_order":14,"comment_status":"closed","ping_status":"closed","template":"","meta":{"footnotes":""},"class_list":["post-94","page","type-page","status-publish","hentry"],"_links":{"self":[{"href":"https:\/\/consizmir.esteri.it\/it\/wp-json\/wp\/v2\/pages\/94","targetHints":{"allow":["GET"]}}],"collection":[{"href":"https:\/\/consizmir.esteri.it\/it\/wp-json\/wp\/v2\/pages"}],"about":[{"href":"https:\/\/consizmir.esteri.it\/it\/wp-json\/wp\/v2\/types\/page"}],"author":[{"embeddable":true,"href":"https:\/\/consizmir.esteri.it\/it\/wp-json\/wp\/v2\/users\/2"}],"replies":[{"embeddable":true,"href":"https:\/\/consizmir.esteri.it\/it\/wp-json\/wp\/v2\/comments?post=94"}],"version-history":[{"count":3,"href":"https:\/\/consizmir.esteri.it\/it\/wp-json\/wp\/v2\/pages\/94\/revisions"}],"predecessor-version":[{"id":3763,"href":"https:\/\/consizmir.esteri.it\/it\/wp-json\/wp\/v2\/pages\/94\/revisions\/3763"}],"up":[{"embeddable":true,"href":"https:\/\/consizmir.esteri.it\/it\/wp-json\/wp\/v2\/pages\/62"}],"wp:attachment":[{"href":"https:\/\/consizmir.esteri.it\/it\/wp-json\/wp\/v2\/media?parent=94"}],"curies":[{"name":"wp","href":"https:\/\/api.w.org\/{rel}","templated":true}]}}