{"id":95,"date":"2023-03-26T22:05:24","date_gmt":"2023-03-26T22:05:24","guid":{"rendered":"https:\/\/consizmir.esteri.it\/?page_id=95"},"modified":"2026-03-19T07:41:30","modified_gmt":"2026-03-19T07:41:30","slug":"autoveicoli-e-patenti-di-guida","status":"publish","type":"page","link":"https:\/\/consizmir.esteri.it\/it\/servizi-consolari-e-visti\/servizi-per-il-cittadino-italiano\/autoveicoli-e-patenti-di-guida\/","title":{"rendered":"Autoveicoli e Patenti di guida"},"content":{"rendered":"<p><strong>PATENTI DI GUIDA<\/strong><\/p>\n<p>La normativa turca fissa a\u00a0<strong>sei mesi<\/strong>\u00a0la validit\u00e0 per la circolazione stradale in Turchia delle patenti emesse dalle Autorit\u00e0 di Paesi stranieri.<\/p>\n<p>Oltre questo termine, le patenti di guida emesse dalle Autorit\u00e0 italiane\u00a0<strong>devono essere convertite in patenti turche<\/strong>. I trasgressori rischiano pesanti sanzioni stradali.<\/p>\n<p>Per conversione della patente si intende il rilascio, senza l\u2019obbligo del superamento di esami teorici e pratici, di una patente turca corrispondente a quella italiana.<\/p>\n<p>Per la conversione della patente italiana, il riferimento normativo \u00e8 il nuovo\u00a0<strong>Accordo bilaterale sul reciproco riconoscimento delle patenti di guida ai fini della conversione<\/strong>, entrato in vigore il 18 luglio 2023.<\/p>\n<p>Sono esenti dall\u2019obbligo di conversione le patenti di coloro che godono di immunit\u00e0 diplomatica, le quali restano valide per periodi indefiniti.<\/p>\n<p>Il servizio di rinnovo delle patenti italiane presso le Rappresentanze diplomatico-consolari ex art. 126, comma 9, del Codice della Strada \u00e8 ancora attivo senza limiti solo per i connazionali presenti in via temporanea.\u00a0<strong>Per i connazionali residenti il servizio di rinnovo \u00e8 mantenuto ai soli fini della conversione o dell\u2019imminente rientro in Italia e sar\u00e0 possibile usufruirne una sola volta.<\/strong><\/p>\n<p>&nbsp;<\/p>\n<p><strong>CONVERSIONE DELLA PATENTE PER I CONNAZIONALI RESIDENTI IN TURCHIA<\/strong><\/p>\n<p>Gli Uffici turchi competenti sono le Direzioni provinciali e distrettuali di anagrafe (<strong>\u0130l ve \u0130l\u00e7e N\u00fcfus M\u00fcd\u00fcrl\u00fc\u011f\u00fc<\/strong>).<\/p>\n<p>I documenti richiesti sono:<\/p>\n<ul>\n<li>Originale della patente da convertire. La patente verr\u00e0 ritirata al momento della consegna della nuova patente;<\/li>\n<li>Fotocopia della patente da convertire;<\/li>\n<li>Traduzione della patente autenticata dal notaio o dall\u2019Ufficio consolare;<\/li>\n<li>Documento di riconoscimento;<\/li>\n<li>Certificato medico per la patente di guida, anche attestante il gruppo sanguigno;<\/li>\n<li>Ricevuta dei pagamenti necessari effettuati presso le banche convenzionate oppure presso gli uffici delle tasse (imposta per la patente, costo stampato a valore e costo servizio);<\/li>\n<li>2 foto tessere (5\u00d76 cm, a sfondo bianco, biometrico) o1 fotografia biometrica scattata secondo gli standard ICAO negli ultimi sei mesi;<\/li>\n<li>Certificato di studi con traduzione autenticata dal notaio o dall\u2019Ufficio consolare;<\/li>\n<li><strong>Un certificato rilasciato dalla Rappresentanza diplomatico-consolare italiana presente in Turchia<\/strong>, da cui risultino, oltre ai dati fondamentali della patente, la data di conseguimento dell\u2019abilitazione e se il documento da convertire deriva da conversione di altra patente estera, come previsto dall\u2019art. 8 del menzionato Accordo.\u00a0<strong>Per ottenere tale certificato, \u00e8 necessario esibire alla Rappresentanza diplomatico-consolare competente la propria patente italiana; \u00e8 anche possibile anticiparne una scansione via e-mail all\u2019indirizzo <a href=\"mailto:izmir.cittadini@esteri.it\">izmir.cittadini@esteri.it<\/a> ed esibire l\u2019originale al momento del ritiro del certificato.<\/strong><\/li>\n<\/ul>\n<p>L\u2019Autorit\u00e0 turca pu\u00f2 riservarsi di richiedere alle Autorit\u00e0 italiane informazioni ove sorgano dubbi circa la validit\u00e0, l\u2019autenticit\u00e0 della patente e i dati in essa riportati.<\/p>\n<p><strong>Una volta rilasciata la nuova patente, quella italiana viene ritirata e restituita alle Autorit\u00e0 italiane, che provvedono a revocarla<\/strong>\u00a0secondo quanto previsto dall\u2019art. 130, comma c) del Codice della strada (D. Lgs. 285\/1992).<\/p>\n<p>Per brevi soggiorni in Italia (ad esempio per vacanze) \u00e8 sufficiente munirsi della traduzione ufficiale della patente di guida da esibire a richiesta degli organi di sicurezza italiani. In caso di rientro definitivo, \u00e8 possibile guidare in Italia con la patente straniera fino a un anno dalla data di rientro, dopodich\u00e9 occorrer\u00e0 richiedere la sostituzione della patente estera ottenuta in sede di conversione. Sar\u00e0 pertanto rilasciata una nuova patente italiana di categoria non superiore a quella originaria (art. 136, comma 5 del Codice della Strada).<\/p>\n<p>&nbsp;<\/p>\n<p><strong>RINNOVO DELLA PATENTE<\/strong><\/p>\n<p><strong>Ai soli fini della conversione o dell\u2019imminente rientro in Italia, e per una sola volta, i titolari di patente italiana residenti o dimoranti per un periodo di almeno 6 mesi in Paesi extra UE possono ottenere presso le competenti Autorit\u00e0 diplomatico-consolari italiane la conferma della validit\u00e0 della loro patente italiana<\/strong>, scaduta da non pi\u00f9 di cinque anni e non rientrante nei casi previsti all\u2019art. 119, commi 2-bis e 4 del Codice della Strada (patenti di conducenti affetti da diabete o la cui idoneit\u00e0 psicofisica deve essere certificata da apposite commissioni mediche). Gli interessati dovranno effettuare la prevista visita medica per l\u2019accertamento dei requisiti psichici e fisici, dopodich\u00e9 la Rappresentanza diplomatico-consolare rilascer\u00e0 apposita attestazione di rinnovo.<\/p>\n<p><strong>Il rinnovo effettuato presso una Rappresentanza diplomatica o consolare \u00e8 valido per circolare sia in Italia che all\u2019estero.<\/strong><\/p>\n<p>A tale scopo i titolari di patente italiana dimoranti nella nostra circoscrizione consolare devono:<\/p>\n<ul>\n<li>richiedere a uno dei\u00a0medici di fiducia\u00a0dell\u2019Ufficio consolare un\u00a0che verifichi la sussistenza dei requisiti psico-fisici di legge. Il costo del certificato \u00e8 a carico dell\u2019interessato;<\/li>\n<li>presentarsi presso la Cancelleria Consolare con il certificato medico, la patente scaduta (da non oltre cinque anni) e due fototessere recenti.<\/li>\n<\/ul>\n<p>Chi ha rinnovato la patente di guida presso un\u2019autorit\u00e0 diplomatico-consolare italiana in uno Stato non appartenente all\u2019Unione europea o allo Spazio economico\u00a0<strong>europeo ha l\u2019obbligo, entro sei mesi dalla riacquisizione della residenza in Italia, di rinnovare la patente stessa secondo la procedura ordinaria<\/strong>. La patente di guida deve essere confermata dal competente ufficio centrale del Dipartimento per i trasporti, la navigazione ed i sistemi informativi e statistici.<\/p>\n<p>Il rinnovo della patente si effettua a pagamento secondo le vigenti\u00a0<strong><a href=\"https:\/\/ambankara.esteri.it\/it\/servizi-consolari-e-visti\/servizi-per-il-cittadino-italiano\/tariffe-consolari\/\">tariffe consolari<\/a><\/strong>.<\/p>\n<p><strong>RADIAZIONE DAL PRA<\/strong><\/p>\n<p><a class=\"focus--mouse\" href=\"https:\/\/www.esteri.it\/it\/servizi-consolari-e-visti\/italiani-all-estero\/autoveicoli_e_patenti\/radiazionepra\/\" data-focus-mouse=\"true\">Radiazione dal PRA \u2013 Ministero degli Affari Esteri e della Cooperazione Internazionale<\/a><\/p>\n<p>&nbsp;<\/p>\n","protected":false},"excerpt":{"rendered":"PATENTI DI GUIDA La normativa turca fissa a\u00a0sei mesi\u00a0la validit\u00e0 per la circolazione stradale in Turchia delle patenti emesse dalle Autorit\u00e0 di Paesi stranieri. Oltre questo termine, le patenti di guida emesse dalle Autorit\u00e0 italiane\u00a0devono essere convertite in patenti turche. I trasgressori rischiano pesanti sanzioni stradali. Per conversione della patente si intende il rilascio, senza [&hellip;]","protected":false},"author":2,"featured_media":0,"parent":62,"menu_order":16,"comment_status":"closed","ping_status":"closed","template":"","meta":{"footnotes":""},"class_list":["post-95","page","type-page","status-publish","hentry"],"_links":{"self":[{"href":"https:\/\/consizmir.esteri.it\/it\/wp-json\/wp\/v2\/pages\/95","targetHints":{"allow":["GET"]}}],"collection":[{"href":"https:\/\/consizmir.esteri.it\/it\/wp-json\/wp\/v2\/pages"}],"about":[{"href":"https:\/\/consizmir.esteri.it\/it\/wp-json\/wp\/v2\/types\/page"}],"author":[{"embeddable":true,"href":"https:\/\/consizmir.esteri.it\/it\/wp-json\/wp\/v2\/users\/2"}],"replies":[{"embeddable":true,"href":"https:\/\/consizmir.esteri.it\/it\/wp-json\/wp\/v2\/comments?post=95"}],"version-history":[{"count":7,"href":"https:\/\/consizmir.esteri.it\/it\/wp-json\/wp\/v2\/pages\/95\/revisions"}],"predecessor-version":[{"id":4530,"href":"https:\/\/consizmir.esteri.it\/it\/wp-json\/wp\/v2\/pages\/95\/revisions\/4530"}],"up":[{"embeddable":true,"href":"https:\/\/consizmir.esteri.it\/it\/wp-json\/wp\/v2\/pages\/62"}],"wp:attachment":[{"href":"https:\/\/consizmir.esteri.it\/it\/wp-json\/wp\/v2\/media?parent=95"}],"curies":[{"name":"wp","href":"https:\/\/api.w.org\/{rel}","templated":true}]}}