{"id":1091,"date":"2023-11-20T12:18:53","date_gmt":"2023-11-20T12:18:53","guid":{"rendered":"https:\/\/consizmir.esteri.it\/?page_id=1091"},"modified":"2023-11-20T12:42:08","modified_gmt":"2023-11-20T12:42:08","slug":"selamlama-mesaji","status":"publish","type":"page","link":"https:\/\/consizmir.esteri.it\/tr\/chi-siamo\/il-console\/selamlama-mesaji\/","title":{"rendered":"Selamlama Mesaj\u0131"},"content":{"rendered":"<p><strong>\u0130zmir \u0130talya Konsolosu&#8217;nun Selamlama Mesaj\u0131<\/strong><\/p>\n<p>Sevgili vatanda\u015flar\u0131m ve \u0130talya&#8217;n\u0131n sevgili dostlar\u0131,<\/p>\n<p>Birka\u00e7 g\u00fcn \u00f6nce \u0130zmir&#8217;de \u0130talya Konsolosu olarak g\u00f6reve ba\u015flam\u0131\u015f olmaktan b\u00fcy\u00fck bir onur duyuyor, t\u00fcm yurtta\u015flar\u0131m\u0131z\u0131 ve Konsoloslu\u011fumuzun s\u0131n\u0131rlar\u0131 i\u00e7erisinde ikamet eden t\u00fcm dostlar\u0131m\u0131z\u0131, en i\u00e7ten duygular\u0131mla selaml\u0131yorum.<\/p>\n<p>T\u00fcrkiye&#8217;nin bu b\u00f6lgesinde, b\u00f6ylesine dinamik bir \u015fehirde, tarihi bir toplulu\u011fun hizmetinde ve \u0130talya ile bir\u00e7ok ba\u011flant\u0131s\u0131 olan bir \u00fclkede, Ankara B\u00fcy\u00fckel\u00e7ili\u011fi&#8217;nin y\u00f6netiminde kendi \u00fclkemi temsil etmek b\u00fcy\u00fck bir ayr\u0131cal\u0131kt\u0131r.<\/p>\n<p>Bu g\u00f6revi sorumluluk duygusuyla \u00fcstleniyorum: i\u00e7inde bulundu\u011fumuz d\u00f6nemin karma\u015f\u0131kl\u0131\u011f\u0131n\u0131n fark\u0131nday\u0131m ve, t\u00fcm Konsolosluk \u00e7al\u0131\u015fanlar\u0131 ile birlikte, m\u00fcmk\u00fcn oldu\u011fu kadar prosed\u00fcrleri daha basit bir hale getirerek, yenilikleri ve dijitalle\u015fmeyi te\u015fvik ederek hizmet sunumunu iyile\u015ftirmeye devam etmek ve sadece yerle\u015fik yurtta\u015flar\u0131m\u0131z i\u00e7in de\u011fil, transit ge\u00e7i\u015f yapan vatanda\u015flar\u0131m\u0131z ve yerel toplum i\u00e7in de her zaman bir referans noktas\u0131 olmak en b\u00fcy\u00fck hedefimiz.<\/p>\n<p>Etkin Konsolosluk hizmetleri sa\u011flaman\u0131n yan\u0131 s\u0131ra, Konsoloslu\u011fumuz Ankara \u0130talya B\u00fcy\u00fckel\u00e7ili\u011fi ile koordinasyon halinde ve Sistema \u0130talia\u2019n\u0131n \u00e7e\u015fitli oyuncular\u0131 ile sinerji i\u00e7erisinde her a\u00e7\u0131dan \u2013 k\u00fclt\u00fcr\u00fcnden ticaretine, dilinden bilim ve teknoloji ara\u015ft\u0131rmalar\u0131na, turizminden sporuna, m\u00fczi\u011finden sanat\u0131na \u2013 g\u00fczel \u00fclkemizi tan\u0131tmak amac\u0131yla \u0130talya\u2019ya a\u00e7\u0131lan bir penceredir; T\u00fcrk toplumunun \u0130talya\u2019n\u0131n b\u00fcy\u00fck zenginliklerini tan\u0131y\u0131p takdir etmesini, \u015firketlerimizin olas\u0131 yeni yat\u0131r\u0131m f\u0131rsatlar\u0131n\u0131 de\u011ferlendirmesini sa\u011flamak i\u00e7in bir\u00e7ok diyalog ve i\u015fbirli\u011fi f\u0131rsat\u0131 mevcuttur.<\/p>\n<p>T\u00fcm temsilciliklerle diyalog ve i\u015fbirli\u011fi iki temel ilkemiz olacakt\u0131r ve hepinizi bizi sosyal medyalar\u0131m\u0131zdan da takip etmeye davet ederken, l\u00fctfen \u00f6nerilerinizi bize iletmekten \u00e7ekinmeyin.<\/p>\n<p>Benim ve Konsolosluk \u00e7al\u0131\u015fanlar\u0131n\u0131n, Sizlere en \u00fcst d\u00fczeyde hizmet sunabilmek ad\u0131na her zaman b\u00fcy\u00fck bir \u00e7aba i\u00e7erisinde olaca\u011f\u0131m\u0131zdan emin olabilirsiniz.<\/p>\n<p>Sevgilerle,<\/p>\n<p>&nbsp;<\/p>\n<p>Daniele Bianchi<\/p>\n","protected":false},"excerpt":{"rendered":"\u0130zmir \u0130talya Konsolosu&#8217;nun Selamlama Mesaj\u0131 Sevgili vatanda\u015flar\u0131m ve \u0130talya&#8217;n\u0131n sevgili dostlar\u0131, Birka\u00e7 g\u00fcn \u00f6nce \u0130zmir&#8217;de \u0130talya Konsolosu olarak g\u00f6reve ba\u015flam\u0131\u015f olmaktan b\u00fcy\u00fck bir onur duyuyor, t\u00fcm yurtta\u015flar\u0131m\u0131z\u0131 ve Konsoloslu\u011fumuzun s\u0131n\u0131rlar\u0131 i\u00e7erisinde ikamet eden t\u00fcm dostlar\u0131m\u0131z\u0131, en i\u00e7ten duygular\u0131mla selaml\u0131yorum. T\u00fcrkiye&#8217;nin bu b\u00f6lgesinde, b\u00f6ylesine dinamik bir \u015fehirde, tarihi bir toplulu\u011fun hizmetinde ve \u0130talya ile bir\u00e7ok ba\u011flant\u0131s\u0131 [&hellip;]","protected":false},"author":6,"featured_media":0,"parent":152,"menu_order":1,"comment_status":"closed","ping_status":"closed","template":"","meta":{"footnotes":""},"class_list":["post-1091","page","type-page","status-publish","hentry"],"_links":{"self":[{"href":"https:\/\/consizmir.esteri.it\/tr\/wp-json\/wp\/v2\/pages\/1091","targetHints":{"allow":["GET"]}}],"collection":[{"href":"https:\/\/consizmir.esteri.it\/tr\/wp-json\/wp\/v2\/pages"}],"about":[{"href":"https:\/\/consizmir.esteri.it\/tr\/wp-json\/wp\/v2\/types\/page"}],"author":[{"embeddable":true,"href":"https:\/\/consizmir.esteri.it\/tr\/wp-json\/wp\/v2\/users\/6"}],"replies":[{"embeddable":true,"href":"https:\/\/consizmir.esteri.it\/tr\/wp-json\/wp\/v2\/comments?post=1091"}],"version-history":[{"count":3,"href":"https:\/\/consizmir.esteri.it\/tr\/wp-json\/wp\/v2\/pages\/1091\/revisions"}],"predecessor-version":[{"id":1100,"href":"https:\/\/consizmir.esteri.it\/tr\/wp-json\/wp\/v2\/pages\/1091\/revisions\/1100"}],"up":[{"embeddable":true,"href":"https:\/\/consizmir.esteri.it\/tr\/wp-json\/wp\/v2\/pages\/152"}],"wp:attachment":[{"href":"https:\/\/consizmir.esteri.it\/tr\/wp-json\/wp\/v2\/media?parent=1091"}],"curies":[{"name":"wp","href":"https:\/\/api.w.org\/{rel}","templated":true}]}}