{"id":130,"date":"2023-03-26T15:35:09","date_gmt":"2023-03-26T15:35:09","guid":{"rendered":"https:\/\/consizmir.esteri.it\/chi-siamo\/"},"modified":"2023-07-31T11:09:25","modified_gmt":"2023-07-31T11:09:25","slug":"chi-siamo","status":"publish","type":"page","link":"https:\/\/consizmir.esteri.it\/tr\/chi-siamo\/","title":{"rendered":"Hakk\u0131m\u0131zda"},"content":{"rendered":"<p>\u0130zmir \u0130talya Konsoloslu\u011fu web sitesine ho\u015f geldiniz<\/p>\n","protected":false},"excerpt":{"rendered":"\u0130zmir \u0130talya Konsoloslu\u011fu web sitesine ho\u015f geldiniz","protected":false},"author":2,"featured_media":0,"parent":0,"menu_order":2,"comment_status":"closed","ping_status":"closed","template":"","meta":{"footnotes":""},"class_list":["post-130","page","type-page","status-publish","hentry"],"_links":{"self":[{"href":"https:\/\/consizmir.esteri.it\/tr\/wp-json\/wp\/v2\/pages\/130","targetHints":{"allow":["GET"]}}],"collection":[{"href":"https:\/\/consizmir.esteri.it\/tr\/wp-json\/wp\/v2\/pages"}],"about":[{"href":"https:\/\/consizmir.esteri.it\/tr\/wp-json\/wp\/v2\/types\/page"}],"author":[{"embeddable":true,"href":"https:\/\/consizmir.esteri.it\/tr\/wp-json\/wp\/v2\/users\/2"}],"replies":[{"embeddable":true,"href":"https:\/\/consizmir.esteri.it\/tr\/wp-json\/wp\/v2\/comments?post=130"}],"version-history":[{"count":3,"href":"https:\/\/consizmir.esteri.it\/tr\/wp-json\/wp\/v2\/pages\/130\/revisions"}],"predecessor-version":[{"id":262,"href":"https:\/\/consizmir.esteri.it\/tr\/wp-json\/wp\/v2\/pages\/130\/revisions\/262"}],"wp:attachment":[{"href":"https:\/\/consizmir.esteri.it\/tr\/wp-json\/wp\/v2\/media?parent=130"}],"curies":[{"name":"wp","href":"https:\/\/api.w.org\/{rel}","templated":true}]}}