{"id":131,"date":"2023-03-26T15:40:50","date_gmt":"2023-03-26T15:40:50","guid":{"rendered":"https:\/\/consizmir.esteri.it\/litalia-e-turchia\/"},"modified":"2023-03-29T20:20:00","modified_gmt":"2023-03-29T20:20:00","slug":"litalia-e-turchia","status":"publish","type":"page","link":"https:\/\/consizmir.esteri.it\/tr\/litalia-e-turchia\/","title":{"rendered":"\u0130talya ve T\u00fcrkiye"},"content":{"rendered":"<p>&nbsp;<\/p>\n<p><em>Ocak 2014 \u2013 T\u00fcrkiye Cumhuriyeti Cumhurba\u015fkan\u0131 Sn. Abdullah G\u00fcl\u2019\u00fcn \u0130talya\u2019ya yapt\u0131\u011f\u0131 resmi ziyaret \u2013 \u0130talya Cumhurba\u015fkan\u0131 Sn.Giorgio Napolitano ile kadeh kald\u0131rmalar\u0131 (Quirinale).<\/em><\/p>\n<p>\u0130talya ve T\u00fcrkiye aras\u0131nda tarihe dayanan ve Akdenizli \u00fclkeler olmalar\u0131ndan kaynaklanan ili\u015fkiler, zaman i\u00e7inde, aralar\u0131ndaki yap\u0131c\u0131 siyasi ileti\u015fim sayesinde, hem art\u0131\u015f g\u00f6steren ekonomik ve ticari alandaki ili\u015fkiler olarak, hem de iki \u00fclke halk\u0131 aras\u0131nda var olan olumlu ili\u015fkiler nedeniyle daha da g\u00fc\u00e7lenmi\u015ftir.<\/p>\n<p>NATO b\u00fcnyesindeki ortakl\u0131\u011f\u0131n yan\u0131s\u0131ra, \u0130talya ve T\u00fcrkiye uluslararas\u0131 siyasi konular\u0131 i\u00e7eren bir\u00e7ok dosya \u00fczerinde i\u015fbirli\u011fi i\u00e7indedir. Bu arada, \u0130talya T\u00fcrkiye\u2019nin Avrupa Birli\u011fine kat\u0131l\u0131m s\u00fcrecini hararetle desteklemektedir.<br \/>\nEkonomi d\u00fczleminde ise ili\u015fkiler m\u00fckemmel seviyededir. Kar\u015f\u0131l\u0131kl\u0131 ticaret hacmi ve yat\u0131r\u0131mlar, stratejik \u00f6neme haiz bir\u00e7ok sekt\u00f6rdeki i\u015fbirlikleri s\u00fcrekli art\u0131\u015f kaydetmektedir.<br \/>\nT\u00fcrkiye\u2019nin \u0130talya\u2019ya olan sempatisi, \u0130talya\u2019n\u0131n marka de\u011ferinin kan\u0131tland\u0131\u011f\u0131 k\u00fclt\u00fcr ve sanat alan\u0131nda kendini g\u00f6stermektedir.<\/p>\n<p>TAR\u0130H<\/p>\n<p>\u201cPax Romana \u2013 Roma bar\u0131\u015f\u0131\u201d co\u011frafyas\u0131na ortak aidiyetten ba\u015flamak \u00fczere, \u0130talyan k\u0131y\u0131 \u015fehir devletlerinin do\u011fu ile ticari ili\u015fkilerine var\u0131ncaya kadar, tarih boyunca, \u0130talyan yar\u0131madas\u0131 ve Anadolu yar\u0131madas\u0131 aras\u0131nda son derece yo\u011fun ili\u015fkiler ya\u015fanm\u0131\u015ft\u0131r . (\u0130talya B\u00fcy\u00fckel\u00e7isinin \u0130stanbul\u2019daki halihaz\u0131rdaki residans\u0131, eski Venedik Cumhuriyetini B\u00fcy\u00fckel\u00e7isinin residans\u0131d\u0131r). \u0130talya ve Osmanl\u0131 imparatorlu\u011fu aras\u0131ndaki diplomatik ili\u015fkiler 1856 y\u0131l\u0131na dayanmaktad\u0131r. Bu diplomatik ili\u015fkilerin 150 inci y\u0131ld\u00f6n\u00fcm\u00fc 2006 y\u0131l\u0131nda kutlanm\u0131\u015ft\u0131r.<\/p>\n<p>G\u00dcNCEL<\/p>\n<p>\u0130talya ve T\u00fcrkiye aras\u0131ndaki ili\u015fkiler m\u00fckemmel seviyeye ula\u015fm\u0131\u015ft\u0131r.<\/p>\n<p>NATO b\u00fcnyesindeki i\u015fbirli\u011finin ve uluslararas\u0131 bir\u00e7ok siyasi konudaki fikirda\u015fl\u0131\u011fa, (\u00f6rnek olarak Birle\u015fmi\u015f Milletler G\u00fcvenlik Konseyinin reformu konusundaki g\u00f6r\u00fc\u015f birli\u011fi) T\u00fcrkiye\u2019nin Avrupa ba\u011flam\u0131ndaki perspektifine \u0130talya\u2019n\u0131n verdi\u011fi kararl\u0131 destek e\u015flik etmektedir. \u0130ki \u00fclke aras\u0131nda b\u00fcy\u00fck \u00f6neme haiz politik, ekonomik-ticari ve k\u00fclt\u00fcrel ba\u011flar ihtiva eden stratejik, ortakl\u0131k bu temeller \u00fczerinde kurulmu\u015ftur.<\/p>\n<p>\u0130talya ve T\u00fcrkiye aras\u0131ndaki ili\u015fkilerinin \u00f6nemi, iki \u00fclke D\u0131\u015fi\u015fleri Bakanlar\u0131n\u0131n ve ad\u0131 ge\u00e7en Bakanl\u0131k M\u00fcste\u015farlar\u0131n\u0131n \u00e7ifttrafl\u0131 i\u015fbirli\u011fini izlemek amac\u0131yla periodik olarak i\u015fti\u015farelerde bulunmalar\u0131n\u0131 \u00f6ng\u00f6ren G\u00fc\u00e7lendirilmi\u015f \u0130\u015fbirli\u011fi Protokol\u00fcn\u00fcn Temmuz 2005 y\u0131l\u0131nda imzalanm\u0131\u015f olmas\u0131ndan kaynaklanmaktad\u0131r.<\/p>\n<p>\u0130li\u015fkilerin yo\u011funlu\u011fu sayesine en \u00fcst d\u00fczeyde ger\u00e7ekle\u015ftirilen kar\u015f\u0131l\u0131kl\u0131 ziyaretlerde \u00f6nemli art\u0131\u015flar olmu\u015ftur; bunlar aras\u0131nda zaman\u0131n Cumhurba\u015fkan\u0131 Eks. Abdullah G\u00fcl\u2019\u00fcn Ocak 2014 tarihinde \u0130talya\u2019ya yapt\u0131\u011f\u0131 resmi ziyareti ve Ba\u015fbakan Renzi\u2019nin ayn\u0131 y\u0131l\u0131n Aral\u0131k ay\u0131nda T\u00fcrkiye\u2019ye yapt\u0131\u011f\u0131 ziyareti sayabiliriz.<\/p>\n<p>Ocak 2007 tarihinde iki \u00fclke Ba\u015fbakanlar\u0131 taraf\u0131ndan \u00e7ift tarafl\u0131 ili\u015fkilerin g\u00fc\u00e7lendirilmesi i\u00e7in imzalanan Strateji metni, \u00e7ift tarafli i\u015fbirli\u011finin belli ba\u015fl\u0131 \u00f6gelerini geli\u015ftirmek amac\u0131yla H\u00fck\u00fcmetler aras\u0131 Zirvelerin d\u00fczenli yap\u0131lmas\u0131n\u0131 karara ba\u011flayan stratejik ortakl\u0131\u011f\u0131 teyid eden bir metindir.<\/p>\n<p>H\u00fck\u00fcmetler aras\u0131 ilk Zirve 12 Kas\u0131m 2008 tarihinde Ba\u015fbakanlar Berlusconi ve Erdo\u011fan\u2019\u0131n ba\u015fkanl\u0131\u011f\u0131nda ve D\u0131\u015fi\u015fleri, Savunma, \u0130\u00e7 \u0130\u015fleri, Ula\u015ft\u0131rma ve Ekonomik Kalk\u0131nma Bakanlar\u0131n\u0131n kat\u0131l\u0131m\u0131yla \u0130zmir\u2019de yap\u0131lm\u0131\u015ft\u0131r. \u0130kincisini ise, 8 May\u0131s 2012 tarihinde Ba\u015fbakan Erdo\u011fan\u2019\u0131n himayesindeki T\u00fcrk delegasyonunda bulunan D\u0131\u015fi\u015fleri, Avrupa Birli\u011fi, \u0130\u00e7 \u0130\u015fleri, Maliye, Ekonomi, Enerji ve \u00c7evre bakanlar\u0131n\u0131n \u0130talyan mevkida\u015flar\u0131 ve Ba\u015fbakan Monti ile yapt\u0131klar\u0131 g\u00f6r\u00fc\u015fmeler te\u015fkil eder.<\/p>\n<p>Parlamenter diplomasi de \u00e7ift tarafl\u0131 siyasi ili\u015fkilerde b\u00fcy\u00fck bir \u00f6neme haizdir. 2005 y\u0131l\u0131nda \u0130talyan Milletvekilleri Meclis Ba\u015fkan\u0131 ve T\u00fcrkiye Cumhuriyeti B\u00fcy\u00fck Millet Meclisi Ba\u015fkan\u0131 aras\u0131nda, s\u0131rayla \u0130talya ve T\u00fcrkiye\u2019de olmak \u00fczere, Parlamenterler d\u00fczeyinde kar\u015f\u0131l\u0131kl\u0131 seminerler d\u00fczenlenmesini \u00f6ng\u00f6ren bir Protokol imzalad\u0131lar.<\/p>\n<p>Sivil toplumlar aras\u0131ndaki diyalo\u011fun geli\u015fmesine her iki \u00fclke de b\u00fcy\u00fck \u00f6nem atfetmektedir. Bu \u00e7er\u00e7evede, Unicredit Grubu ve T.C D\u0131\u015fi\u015fleri Bakanl\u0131\u011f\u0131 Stratejik Ara\u015ft\u0131rmalar Merkezinin ortakla\u015fa organize ettikleri T\u00fcrk-\u0130talyan Diyalog Forumu ayr\u0131 bir yer ehemmiyete haizdir. Yenilerinin de organize edildi\u011fi ve iki \u00fclkenin D\u0131\u015fi\u015fleri Bakanlar\u0131n\u0131n ba\u015fkanl\u0131k etti\u011fi bu diyalog forum\u2019u, her iki \u00fclkenin sivil toplum kurulu\u015flar\u0131n\u0131n \u00f6nde gelenlerine ortak ilgi alanlar\u0131na giren konular \u00fczerinde derinlemesine \u00e7al\u0131\u015fmalar yapma olana\u011f\u0131 sa\u011flamaktad\u0131r.<\/p>\n","protected":false},"excerpt":{"rendered":"&nbsp; Ocak 2014 \u2013 T\u00fcrkiye Cumhuriyeti Cumhurba\u015fkan\u0131 Sn. Abdullah G\u00fcl\u2019\u00fcn \u0130talya\u2019ya yapt\u0131\u011f\u0131 resmi ziyaret \u2013 \u0130talya Cumhurba\u015fkan\u0131 Sn.Giorgio Napolitano ile kadeh kald\u0131rmalar\u0131 (Quirinale). \u0130talya ve T\u00fcrkiye aras\u0131nda tarihe dayanan ve Akdenizli \u00fclkeler olmalar\u0131ndan kaynaklanan ili\u015fkiler, zaman i\u00e7inde, aralar\u0131ndaki yap\u0131c\u0131 siyasi ileti\u015fim sayesinde, hem art\u0131\u015f g\u00f6steren ekonomik ve ticari alandaki ili\u015fkiler olarak, hem de iki \u00fclke [&hellip;]","protected":false},"author":2,"featured_media":0,"parent":0,"menu_order":4,"comment_status":"closed","ping_status":"closed","template":"","meta":{"footnotes":""},"class_list":["post-131","page","type-page","status-publish","hentry"],"_links":{"self":[{"href":"https:\/\/consizmir.esteri.it\/tr\/wp-json\/wp\/v2\/pages\/131","targetHints":{"allow":["GET"]}}],"collection":[{"href":"https:\/\/consizmir.esteri.it\/tr\/wp-json\/wp\/v2\/pages"}],"about":[{"href":"https:\/\/consizmir.esteri.it\/tr\/wp-json\/wp\/v2\/types\/page"}],"author":[{"embeddable":true,"href":"https:\/\/consizmir.esteri.it\/tr\/wp-json\/wp\/v2\/users\/2"}],"replies":[{"embeddable":true,"href":"https:\/\/consizmir.esteri.it\/tr\/wp-json\/wp\/v2\/comments?post=131"}],"version-history":[{"count":2,"href":"https:\/\/consizmir.esteri.it\/tr\/wp-json\/wp\/v2\/pages\/131\/revisions"}],"predecessor-version":[{"id":133,"href":"https:\/\/consizmir.esteri.it\/tr\/wp-json\/wp\/v2\/pages\/131\/revisions\/133"}],"wp:attachment":[{"href":"https:\/\/consizmir.esteri.it\/tr\/wp-json\/wp\/v2\/media?parent=131"}],"curies":[{"name":"wp","href":"https:\/\/api.w.org\/{rel}","templated":true}]}}