{"id":135,"date":"2023-03-26T15:42:30","date_gmt":"2023-03-26T15:42:30","guid":{"rendered":"https:\/\/consizmir.esteri.it\/servizi-consolari-e-visti\/"},"modified":"2026-01-19T17:19:16","modified_gmt":"2026-01-19T17:19:16","slug":"servizi-consolari-e-visti","status":"publish","type":"page","link":"https:\/\/consizmir.esteri.it\/tr\/servizi-consolari-e-visti\/","title":{"rendered":"Konsolosluk Hizmetleri ve Vizeler"},"content":{"rendered":"<div class=\"entry-content\">\n<p>Diplomatik temsilciliklerimiz, \u0130talyanlar\u0131n haklar\u0131n\u0131n ulusal s\u0131n\u0131rlar d\u0131\u015f\u0131nda korunmas\u0131n\u0131 sa\u011flamakla g\u00f6revlidir ve bu ba\u011flamda \u00e7e\u015fitli hizmetler sunmaktad\u0131r.<\/p>\n<p>Hizmetler, \u0130talyan vatanda\u015flar\u0131n\u0131 temel haklar ve ki\u015fisel \u00f6zg\u00fcrl\u00fckler a\u00e7\u0131s\u0131ndan korumak amac\u0131yla e\u015fitlik, tarafs\u0131zl\u0131k, verimlilik ve \u015feffafl\u0131k ilkelerine g\u00f6re sunulmaktad\u0131r.<\/p>\n<p>Bulundu\u011funuz b\u00f6lgede yetkili olan \u0130talyan Konsoloslu\u011funu tespit etmek i\u00e7in <a href=\"https:\/\/consizmir.esteri.it\/tr\/chi-siamo\/la-rete-consolare\/\">t\u0131klay\u0131n\u0131z<\/a>.<\/p>\n<p>Ofislerin ileti\u015fim bilgileri i\u00e7in <a href=\"https:\/\/consizmir.esteri.it\/tr\/chi-siamo\/gli-uffici\/\">t\u0131klay\u0131n\u0131z<\/a>.<\/p>\n<p>\u0130talyan vatanda\u015flar\u0131 ve yabanc\u0131 uyruklu vatanda\u015flara sa\u011flanan hizmetler sa\u011fdaki men\u00fcde detayl\u0131 olarak a\u00e7\u0131klanm\u0131\u015ft\u0131r. <strong>Baz\u0131 hizmetler y\u00fcr\u00fcrl\u00fckte olan konsolosluk tarifeleri uyar\u0131nca \u00fccretlidir.<\/strong><\/p>\n<p>\u0130talyan vatanda\u015flar\u0131na ve yabanc\u0131 uyruklu ki\u015filere sunulan hizmetler, sa\u011f tarafta yer alan men\u00fcde ayr\u0131nt\u0131l\u0131 olarak a\u00e7\u0131klanm\u0131\u015ft\u0131r. Baz\u0131 hizmetler, y\u00fcr\u00fcrl\u00fckteki konsolosluk tarifelerine g\u00f6re \u00fccrete tabidir. T\u00fcrkiye i\u00e7in ge\u00e7erli g\u00fcncel konsolosluk tarifelerine <a href=\"https:\/\/ambankara.esteri.it\/it\/servizi-consolari-e-visti\/servizi-per-il-cittadino-italiano\/tariffe-consolari\/\">buradan<\/a> eri\u015filebilir.<\/p>\n<p>***<\/p>\n<p>Consular services are provided on an equal, impartial, efficient and transparent basis.<\/p>\n<p>To check consular districts and jurisdiction, visit the <a href=\"https:\/\/consizmir.esteri.it\/tr\/chi-siamo\/la-rete-consolare\/\">consular network page<\/a>.<\/p>\n<p>For offices\u2019 contacts visit <a href=\"https:\/\/consizmir.esteri.it\/tr\/chi-siamo\/gli-uffici\/\">this page<\/a>.<\/p>\n<p>Services provided to Italian and foreign citizens are described in the list on the top right. <strong>For some consular services please refer to the current consular fees.\u00a0<\/strong><\/p>\n<\/div>\n<p>&nbsp;<\/p>\n","protected":false},"excerpt":{"rendered":"Diplomatik temsilciliklerimiz, \u0130talyanlar\u0131n haklar\u0131n\u0131n ulusal s\u0131n\u0131rlar d\u0131\u015f\u0131nda korunmas\u0131n\u0131 sa\u011flamakla g\u00f6revlidir ve bu ba\u011flamda \u00e7e\u015fitli hizmetler sunmaktad\u0131r. Hizmetler, \u0130talyan vatanda\u015flar\u0131n\u0131 temel haklar ve ki\u015fisel \u00f6zg\u00fcrl\u00fckler a\u00e7\u0131s\u0131ndan korumak amac\u0131yla e\u015fitlik, tarafs\u0131zl\u0131k, verimlilik ve \u015feffafl\u0131k ilkelerine g\u00f6re sunulmaktad\u0131r. Bulundu\u011funuz b\u00f6lgede yetkili olan \u0130talyan Konsoloslu\u011funu tespit etmek i\u00e7in t\u0131klay\u0131n\u0131z. Ofislerin ileti\u015fim bilgileri i\u00e7in t\u0131klay\u0131n\u0131z. \u0130talyan vatanda\u015flar\u0131 ve yabanc\u0131 uyruklu [&hellip;]","protected":false},"author":2,"featured_media":0,"parent":0,"menu_order":6,"comment_status":"closed","ping_status":"closed","template":"","meta":{"footnotes":""},"class_list":["post-135","page","type-page","status-publish","hentry"],"_links":{"self":[{"href":"https:\/\/consizmir.esteri.it\/tr\/wp-json\/wp\/v2\/pages\/135","targetHints":{"allow":["GET"]}}],"collection":[{"href":"https:\/\/consizmir.esteri.it\/tr\/wp-json\/wp\/v2\/pages"}],"about":[{"href":"https:\/\/consizmir.esteri.it\/tr\/wp-json\/wp\/v2\/types\/page"}],"author":[{"embeddable":true,"href":"https:\/\/consizmir.esteri.it\/tr\/wp-json\/wp\/v2\/users\/2"}],"replies":[{"embeddable":true,"href":"https:\/\/consizmir.esteri.it\/tr\/wp-json\/wp\/v2\/comments?post=135"}],"version-history":[{"count":8,"href":"https:\/\/consizmir.esteri.it\/tr\/wp-json\/wp\/v2\/pages\/135\/revisions"}],"predecessor-version":[{"id":4074,"href":"https:\/\/consizmir.esteri.it\/tr\/wp-json\/wp\/v2\/pages\/135\/revisions\/4074"}],"wp:attachment":[{"href":"https:\/\/consizmir.esteri.it\/tr\/wp-json\/wp\/v2\/media?parent=135"}],"curies":[{"name":"wp","href":"https:\/\/api.w.org\/{rel}","templated":true}]}}