{"id":1377,"date":"2023-11-30T08:33:38","date_gmt":"2023-11-30T08:33:38","guid":{"rendered":"https:\/\/consizmir.esteri.it\/?page_id=1377"},"modified":"2023-11-30T08:44:36","modified_gmt":"2023-11-30T08:44:36","slug":"universite","status":"publish","type":"page","link":"https:\/\/consizmir.esteri.it\/tr\/litalia-e-turchia\/diplomazia-culturale\/italyada-egitim\/universite\/","title":{"rendered":"\u00dcniversite"},"content":{"rendered":"<p style=\"text-align: center;\"><strong>2023\/2024 AKADEM\u0130K YILI <\/strong><\/p>\n<p style=\"text-align: center;\"><strong>\u00dcN\u0130VERS\u0130TE \u00d6N KAYIT PROSED\u00dcRLER\u0130<\/strong><\/p>\n<p><em>\u0130\u015fbu prosed\u00fcrler, \u0130talyan h\u00fck\u00fcmeti ve Avrupa Birli\u011fi\u2019nin COVID 19 vir\u00fcs\u00fc salg\u0131n\u0131n\u0131n \u00f6nlenmesi ve kontrol alt\u0131na al\u0131nmas\u0131na ili\u015fkin mevcut ve gelecekteki acil durum h\u00fck\u00fcmlerine tabidir.<\/em><\/p>\n<p>\u00dcniversite \u00f6n kay\u0131t i\u015flemleri (<a href=\"https:\/\/ambankara.esteri.it\/wp-content\/uploads\/2023\/05\/MUR___Circolare_2023_2024_FINALE.pdf\">2023\/2024 Genelgesi<\/a>) dijital ortama aktar\u0131lm\u0131\u015ft\u0131r. Art\u0131k \u00f6n kay\u0131t talepleri B\u00fcy\u00fckel\u00e7ilik veya Konsolosluklara \u015fahsen yap\u0131lmayacakt\u0131r.<\/p>\n<p>\u00d6\u011frenciler <a href=\"https:\/\/www.universitaly.it\/\"><strong>UNIVERSITALY<\/strong><\/a>\u00a0portal\u0131 \u00fczerinden \u00f6n kay\u0131t ba\u015fvurusunu \u00e7evrimi\u00e7i olarak yapmal\u0131d\u0131r. Bu prosed\u00fcr, baz\u0131 \u00f6zel \u00fcniversiteler hari\u00e7 \u00e7o\u011fu akademik kurum i\u00e7in ge\u00e7erlidir.<\/p>\n<p>\u0130talyanca e\u011fitim veren bir b\u00f6l\u00fcme \u00f6n kay\u0131t yapt\u0131ran \u00f6\u011frenciler, <strong>\u0130talyan dilini bildiklerini belgelemelidir.<\/strong> Kabul edilen belgeler a\u015fa\u011f\u0131da belirtilmi\u015ftir:<\/p>\n<ul>\n<li>\u00a0Avrupa Ortak Dil \u00c7er\u00e7evesi kapsam\u0131nda B2 seviyesinden az olmamak \u00fczere: Siena (CILS: <a href=\"http:\/\/www.unistrasi.it\">www.unistrasi.it<\/a>) ve Perugia (CELI: <a href=\"http:\/\/www.unistrapg.it\">www.unistrapg.it<\/a>) Yabanc\u0131lar \u00dcniversitelerinden, Universit\u00e0 degli studi di Roma Tre \u00dcniversitesi\u2019nden, Societ\u00e0 Dante Alighieri\u2019den ve Reggio Calabria\u2019da bulunan \u201cDante Alighieri\u201d Yabanc\u0131lar \u00dcniversitesi\u2019nden al\u0131nan sertifikalar;<\/li>\n<\/ul>\n<ul>\n<li>\u0130talyan K\u00fclt\u00fcr Merkezinde ger\u00e7ekle\u015ftirilen ve B2 seviyesinde \u0130talyanca dil kursunun tamamland\u0131\u011f\u0131n\u0131 g\u00f6steren B2 sertifikas\u0131;<\/li>\n<\/ul>\n<ul>\n<li>Perugia ve Siena Yabanc\u0131lar \u00dcniversitelerinden al\u0131nan <u>\u0130talyan<\/u> Dili ve K\u00fclt\u00fcr\u00fc b\u00f6l\u00fcm\u00fc diplomalar\u0131.<\/li>\n<\/ul>\n<p>\u00d6\u011frenciler portalda ba\u015fvurular\u0131n\u0131 yapt\u0131ktan sonra, ba\u015fvuru yap\u0131lan \u0130talyan \u00dcniversitesi yine UNIVERSITALY portal\u0131 \u00fczerinden <strong>\u00f6n kay\u0131t ba\u015fvurusunu onaylayacakt\u0131r<\/strong>. \u00dcniversite ayr\u0131ca hangi belgelerin do\u011frulan\u0131p do\u011frulanamad\u0131\u011f\u0131n\u0131 ve diploma denklik belgesine gerek olup olmad\u0131\u011f\u0131n\u0131 bildirecektir.<\/p>\n<p>UNIVERSITALY portal\u0131ndan \u00f6n kayd\u0131 onaylanan \u00f6\u011frenciler (<a href=\"mailto:noreply@cineca.it\">noreply@cineca.it<\/a> adresinden onay maili \u00a0gelecektir)\u00a0 e\u011fitim\/\u00fcniversite vizesi alabilmek i\u00e7in B\u00fcy\u00fckel\u00e7ili\u011fimizin vize hizmetlerini y\u00fcr\u00fcten \u015firkete (<a href=\"https:\/\/idata.com.tr\/it\/\">https:\/\/idata.com.tr\/it\/<\/a>) ba\u015fvuruda bulunabilirler. Daha detayl\u0131 bilgi i\u00e7in: <a href=\"https:\/\/ambankara.esteri.it\/tr\/servizi-consolari-e-visti\/servizi-per-il-cittadino-straniero\/visti\/\">Vize \u2013 Ambasciata d\u2019Italia ad Ankara (esteri.it)<\/a><\/p>\n<p>Ba\u015fvurulan \u0130talyan \u00dcniversitesi ayr\u0131ca \u00f6n kay\u0131t ba\u015fvurusuna \u00f6\u011frencinin kay\u0131t i\u00e7in uygunlu\u011funu belirten bir mektup da ekleyecektir.<\/p>\n<p>Denklik belgesine ihtiya\u00e7 duyan \u00f6\u011frenciler, vize ba\u015fvurusu esnas\u0131nda <strong>denklik belgesi<\/strong> ba\u015fvurular\u0131n\u0131 da yine IDATA \u015firketine gerekli belgeri sunmak kayd\u0131yla yapabileceklerdir. Detayl\u0131 bilgi i\u00e7in: <a href=\"https:\/\/ambankara.esteri.it\/tr\/servizi-consolari-e-visti\/servizi-per-il-cittadino-straniero\/equipollenza-dei-titoli-di-studio-e-dichiarazioni-di-valore\/\">Diploma denkli\u011fi ve de\u011fer beyan belgesi \u2013 Ambasciata d\u2019Italia ad Ankara (esteri.it)<\/a><\/p>\n<p><strong>\u00d6NEML\u0130 HATIRLATMA: \u00d6\u011eRENC\u0130N\u0130N \u0130TALYAN \u00dcN\u0130VERS\u0130TES\u0130 TARAFINDAN KABUL ALMASI V\u0130ZE ALACA\u011eINI GARANT\u0130 ETMEZ.<\/strong><\/p>\n<p><strong>\u00a0<\/strong><\/p>\n<p><strong><u>DETAYLI \u00dcN\u0130VERS\u0130TE KAYIT PROSED\u00dcRLER\u0130 A\u015eA\u011eIDAK\u0130 \u015eEK\u0130LDED\u0130R:<\/u><\/strong><\/p>\n<p>1) <a href=\"https:\/\/ambankara.esteri.it\/tr\/italia-e-turchia\/diplomazia-culturale\/studiare-in-italia\/universita\/lisans-3-yil-veya-tek-devre-yuksek-lisans-5-yil\/\">Lisans (3 yil) veya tek devre y\u00fcksek lisans (5 yil) \u2013 Ambasciata d\u2019Italia ad Ankara (esteri.it)<\/a><\/p>\n<p>2)<a href=\"https:\/\/ambankara.esteri.it\/tr\/italia-e-turchia\/diplomazia-culturale\/studiare-in-italia\/universita\/laurea-magistrale\/\">Y\u00fcksek lisans (2 yillik master) \u2013 Ambasciata d\u2019Italia ad Ankara (esteri.it)<\/a><\/p>\n<p>3) <a href=\"https:\/\/ambankara.esteri.it\/tr\/italia-e-turchia\/diplomazia-culturale\/studiare-in-italia\/universita\/afam-alta-formazione-artistica-musicale-e-coreutica\/\">AFAM (G\u00fczel Sanatlar, M\u00fczik ve Koro Y\u00fcksek E\u011fitimi) \u2013 Ambasciata d\u2019Italia ad Ankara (esteri.it)<\/a><\/p>\n<p>4) <a href=\"https:\/\/ambankara.esteri.it\/tr\/italia-e-turchia\/diplomazia-culturale\/studiare-in-italia\/universita\/scuole-di-specializzazione-dottorati-di-ricerca-corsi-master\/\">Uzmanl\u0131k okullar\u0131, doktora, kurs, master \u2013 Ambasciata d\u2019Italia ad Ankara (esteri.it)<\/a><\/p>\n<p>&nbsp;<\/p>\n<p><strong>SIK\u00c7A SORULAN SORULAR<\/strong><\/p>\n<p><strong><u>\u00d6n kay\u0131t ba\u015fvurusu hangi tarihe kadar yap\u0131l\u0131r?<\/u><\/strong><\/p>\n<ul>\n<li><strong>Lisans ve Y\u00fcksek Lisans<\/strong> (s\u0131n\u0131rl\u0131 say\u0131da \u00f6\u011frenci alanlar hari\u00e7): tarihler \u00dcniversiteler taraf\u0131ndan belirlenir ve her \u00dcniversitenin kendi internet sitesinde yay\u0131nlan\u0131r. \u00d6nkay\u0131t <a href=\"https:\/\/www.universitaly.it\/\"><strong>UNIVERSITALY<\/strong><\/a>\u00a0portal\u0131 \u00fczerinden yap\u0131l\u0131r.<\/li>\n<\/ul>\n<ul>\n<li><strong>T\u0131p ve Cerrahi, Tek Devre Y\u00fcksek Lisans E\u011fitimi, \u0130ngilizce T\u0131p ve Cerrahi, Di\u015f Hekimli\u011fi ve Protez, Veteriner Hekimlik ve Mimarl\u0131k lisans e\u011fitimleri: <a href=\"https:\/\/www.universitaly.it\/\">UNIVERSITALY<\/a>\u00a0<\/strong>portal\u0131nda belirtilen prosed\u00fcr ve tarihlere g\u00f6re <strong>giri\u015f s\u0131navlar\u0131<\/strong>na kay\u0131t yapt\u0131rmak gerekmektedir.<\/li>\n<\/ul>\n<p><strong>IMAT S\u0131navlar\u0131 hakk\u0131nda \u00f6nemli bilgi:<\/strong><\/p>\n<p>S\u00f6z konusu s\u0131nav El\u00e7ilik ve Konsolosluklar taraf\u0131ndan yap\u0131lmamaktad\u0131r. S\u0131nava dair detayl\u0131 bilgi kaydolunmas\u0131 d\u00fc\u015f\u00fcn\u00fclen \u00dcniversite taraf\u0131ndan ve <a href=\"https:\/\/www.universitaly.it\/\"><strong>UNIVERSITALY<\/strong><\/a>\u00a0portal\u0131ndan sa\u011flanmal\u0131d\u0131r.<\/p>\n<ul>\n<li>Uzmanl\u0131k okullar\u0131, <a href=\"https:\/\/ambankara.esteri.it\/ambasciata_ankara\/tr\/informazioni-e-servizi\/servizi_consolari\/studi\/universita\/master-post-universitari.html\">Doktora, \u0130leri seviye dersler, Bir y\u0131ll\u0131k master, tek ders<\/a>, \u0130talyan dili ve edebiyat\u0131 b\u00f6l\u00fcmleri, haz\u0131rl\u0131k kurslar\u0131 (<em>foundation course<\/em>): tarihler \u00dcniversiteler taraf\u0131ndan belirlenir ve her \u00dcniversitenin kendi internet sitesinde yay\u0131nlan\u0131r. \u00d6nkay\u0131t Universitaly portal\u0131 \u00fczerinden yap\u0131l\u0131r.<\/li>\n<\/ul>\n<p><strong><u>Denklik belgesi nas\u0131l al\u0131n\u0131r?<\/u><\/strong><\/p>\n<p>\u00d6\u011frenci, \u0130talyan ENIC-NARIC merkezinden (<strong>CIMEA<\/strong>) yabanc\u0131 diploman\u0131n denklik sertifikas\u0131n\u0131 alm\u0131\u015fsa veya diplomaya <strong>\u201cdiploma supplement-diploma eki\u201d<\/strong> e\u015flik ediyorsa, denklik belgesi i\u00e7in ba\u015fvuru yap\u0131lmas\u0131na gerek yoktur.<\/p>\n<p>\u0130talyan \u00dcniversiteleri \u00f6\u011frencilerin \u00f6n kay\u0131tlar\u0131n\u0131 kabul ederken yabanc\u0131 diploma i\u00e7in denklik belgesinin gerekli olup olmad\u0131\u011f\u0131n\u0131 <a href=\"https:\/\/www.universitaly.it\/\">UNIVERSITALY<\/a> portal\u0131nda belirtecektir.<\/p>\n<p>T\u00fcrkiye\u2019deki \u0130talyan diplomatik-konsolosluk makamlar\u0131, sadece T\u00fcrkiye\u2019de al\u0131nan diplomalar ve ODT\u00dc Kuzey K\u0131br\u0131s Kamp\u00fcs\u00fcnden mezun olan \u00f6\u011frencilerin diplomalar\u0131na denklik belgesi d\u00fczenleyebilmektedirler. T\u00fcrkiye d\u0131\u015f\u0131nda ba\u015fka \u00fclkelerde al\u0131nan diplomalara sahip \u00f6\u011frenciler, denklik belgelerini mezun olduklar\u0131 \u00fclkede akredite olan \u0130talyan diplomatik-konsolosluk makamlar\u0131ndan almal\u0131d\u0131rlar. Alternatif olarak \u00f6\u011frenciler CIMEA ya ba\u015fvurarak denkli\u011fe e\u015f sertifika (attestato di comparabilit\u00e0) da talep edebilirler.<\/p>\n<p>Denklik belgesi almas\u0131 gereken \u00f6\u011frenciler belgelerini vize ba\u015fvurular\u0131 ile birlikte arac\u0131 kuruma ibraz edeceklerdir. Denklik belgeleri ile ilgili detayl\u0131 bilgi i\u00e7in:\u00a0 <a href=\"https:\/\/ambankara.esteri.it\/tr\/servizi-consolari-e-visti\/servizi-per-il-cittadino-straniero\/equipollenza-dei-titoli-di-studio-e-dichiarazioni-di-valore\/\">Diploma denkli\u011fi ve de\u011fer beyan belgesi \u2013 Ambasciata d\u2019Italia ad Ankara (esteri.it)<\/a><\/p>\n<p><strong><u>Vize ba\u015fvurusu nas\u0131l yap\u0131l\u0131r?<\/u><\/strong><\/p>\n<p>UNIVERSITALY portal\u0131ndan \u00f6n kay\u0131t onay\u0131 al\u0131nd\u0131ktan sonra, aday \u00f6\u011frenciler <a href=\"mailto:noreply@cineca.it\">noreply@cineca.it<\/a> adresinden bir onay maili alacaklard\u0131r. S\u00f6z konusu mailin al\u0131nmas\u0131n\u0131n ard\u0131ndan \u00f6\u011frenciler e\u011fitim\/\u00fcniversite vizesi alabilmek i\u00e7in B\u00fcy\u00fckel\u00e7ili\u011fimizin vize hizmetlerini y\u00fcr\u00fcten \u015firkete (IDATA) ba\u015fvuruda bulunabileceklerdir. \u00a0https:\/\/idata.com.tr\/\u00a0\u00a0 Daha detayl\u0131 bilgi i\u00e7in: <a href=\"https:\/\/ambankara.esteri.it\/tr\/servizi-consolari-e-visti\/servizi-per-il-cittadino-straniero\/visti\/\">Vize \u2013 Ambasciata d\u2019Italia ad Ankara (esteri.it)<\/a><\/p>\n<p><strong><u>Denklik belgesine ihtiya\u00e7 duyan \u00f6\u011frenciler, vize ba\u015fvurusu i\u00e7in istenen belgelerle birlikte, denklik belgesi almak i\u00e7in gerekli belgeleri vize randevusu esnas\u0131nda ibraz edeceklerdir. <\/u><\/strong><\/p>\n<p>Lisans, y\u00fcksek lisans, tek ders, g\u00fczel sanatlar fak\u00fclteleri, Yabanc\u0131 dil y\u00fcksek okul programlar\u0131na ba\u015fvuru yapacak \u00f6\u011frencilerin, etkin bir \u015fekilde kay\u0131t yapt\u0131rabilmeleri ve sonras\u0131nda \u00fcniversite har\u00e7lar\u0131n\u0131n \u00f6denebilmesi i\u00e7in vize ba\u015fvurular\u0131n\u0131n T\u00fcrkiye\u2019deki yetkili diplomatik-konsolosluk temsilciliklerine <strong>30 Kas\u0131m 2023<\/strong> tarihine kadar yap\u0131lmas\u0131 gerekmektedir.<\/p>\n<p><strong>\u00d6NEML\u0130 HATIRLATMA: \u00d6\u011eRENC\u0130N\u0130N \u0130TALYAN \u00dcN\u0130VERS\u0130TES\u0130 TARAFINDAN KABUL ED\u0130LMES\u0130 V\u0130ZE ALACA\u011eI HUSUSUNDA B\u0130R GARANT\u0130 TE\u015eK\u0130L ETMEMEKTED\u0130R.<\/strong><\/p>\n<p><strong><u>\u00a0Vize ba\u015fvurusu nereye yap\u0131lmal\u0131d\u0131r?<\/u><\/strong><\/p>\n<p>\u00d6\u011frenciler resm\u00ee ikametlerinin bulundu\u011fu b\u00f6lgeden sorumlu olan B\u00fcy\u00fckel\u00e7ilik veya Konsoloslu\u011fun vize hizmetlerini y\u00fcr\u00fcten \u015firkete ba\u015fvurular\u0131n\u0131 yapmal\u0131d\u0131rlar. \u0130lgili B\u00fcy\u00fckel\u00e7ili\u011fi veya Konsoloslu\u011fu bulmak i\u00e7in <a href=\"https:\/\/ambankara.esteri.it\/tr\/chi-siamo\/la-rete-consolare\/\">linki t\u0131klay\u0131n\u0131z<\/a>.<\/p>\n<p><strong><u>Codice fiscale nas\u0131l al\u0131n\u0131r?<\/u><\/strong><\/p>\n<p>\u00d6\u011frenciler \u00f6nkay\u0131t a\u015famas\u0131nda Universitaly portal\u0131nda ki\u015fisel bilgiler girildi\u011fi esnada portal taraf\u0131ndan otomatik olarak \u00fcretilen kodu kullanacaklard\u0131r.<\/p>\n<p>\u00dcniversite taraf\u0131ndan \u00f6nkay\u0131t kabul edilip vize ba\u015fvurusu a\u015famas\u0131na geldi\u011findi\u011fi zaman \u00f6\u011frenciler, IDATA ofisindeki randevular\u0131 s\u0131ras\u0131nda vize ba\u015fvurular\u0131n\u0131, gerekiyor ise denklik belgesi ba\u015fvurular\u0131n\u0131 ve resmi Codice Fiscale i\u00e7in gerekli olan ba\u015fvuru formunu (forma ayr\u0131ca bir adet fazladan pasaport fotokopisi eklenmesi gereklidir) ibraz edeceklerdir. <a href=\"https:\/\/ambankara.esteri.it\/wp-content\/uploads\/2023\/05\/Form-AA48-Editable_AA4_8_Modello_ING-3.pdf\">Formu<\/a> indirmek i\u00e7in.<\/p>\n<p>CF formu doldurulurken sadece T\u00fcrkiye\u2019deki resm\u00ee ikamet adresinin belirtilmesi ve adresin T\u00fcrk\u00e7e olarak yaz\u0131lmas\u0131, son b\u00f6l\u00fcmde ise muhakkak tarih ve imza bulunmas\u0131 gerekmektedir. \u00d6\u011frenciler IDATA\u2019dan pasaportlar\u0131n\u0131 al\u0131rken onayl\u0131 codice fiscale formlar\u0131 da kendilerine verilecektir.<\/p>\n","protected":false},"excerpt":{"rendered":"2023\/2024 AKADEM\u0130K YILI \u00dcN\u0130VERS\u0130TE \u00d6N KAYIT PROSED\u00dcRLER\u0130 \u0130\u015fbu prosed\u00fcrler, \u0130talyan h\u00fck\u00fcmeti ve Avrupa Birli\u011fi\u2019nin COVID 19 vir\u00fcs\u00fc salg\u0131n\u0131n\u0131n \u00f6nlenmesi ve kontrol alt\u0131na al\u0131nmas\u0131na ili\u015fkin mevcut ve gelecekteki acil durum h\u00fck\u00fcmlerine tabidir. \u00dcniversite \u00f6n kay\u0131t i\u015flemleri (2023\/2024 Genelgesi) dijital ortama aktar\u0131lm\u0131\u015ft\u0131r. Art\u0131k \u00f6n kay\u0131t talepleri B\u00fcy\u00fckel\u00e7ilik veya Konsolosluklara \u015fahsen yap\u0131lmayacakt\u0131r. \u00d6\u011frenciler UNIVERSITALY\u00a0portal\u0131 \u00fczerinden \u00f6n kay\u0131t ba\u015fvurusunu [&hellip;]","protected":false},"author":6,"featured_media":0,"parent":1330,"menu_order":1,"comment_status":"closed","ping_status":"closed","template":"","meta":{"footnotes":""},"class_list":["post-1377","page","type-page","status-publish","hentry"],"_links":{"self":[{"href":"https:\/\/consizmir.esteri.it\/tr\/wp-json\/wp\/v2\/pages\/1377","targetHints":{"allow":["GET"]}}],"collection":[{"href":"https:\/\/consizmir.esteri.it\/tr\/wp-json\/wp\/v2\/pages"}],"about":[{"href":"https:\/\/consizmir.esteri.it\/tr\/wp-json\/wp\/v2\/types\/page"}],"author":[{"embeddable":true,"href":"https:\/\/consizmir.esteri.it\/tr\/wp-json\/wp\/v2\/users\/6"}],"replies":[{"embeddable":true,"href":"https:\/\/consizmir.esteri.it\/tr\/wp-json\/wp\/v2\/comments?post=1377"}],"version-history":[{"count":3,"href":"https:\/\/consizmir.esteri.it\/tr\/wp-json\/wp\/v2\/pages\/1377\/revisions"}],"predecessor-version":[{"id":1380,"href":"https:\/\/consizmir.esteri.it\/tr\/wp-json\/wp\/v2\/pages\/1377\/revisions\/1380"}],"up":[{"embeddable":true,"href":"https:\/\/consizmir.esteri.it\/tr\/wp-json\/wp\/v2\/pages\/1330"}],"wp:attachment":[{"href":"https:\/\/consizmir.esteri.it\/tr\/wp-json\/wp\/v2\/media?parent=1377"}],"curies":[{"name":"wp","href":"https:\/\/api.w.org\/{rel}","templated":true}]}}