{"id":1387,"date":"2023-11-30T09:00:28","date_gmt":"2023-11-30T09:00:28","guid":{"rendered":"https:\/\/consizmir.esteri.it\/?page_id=1387"},"modified":"2023-11-30T09:00:28","modified_gmt":"2023-11-30T09:00:28","slug":"lisans-3-yil-veya-tek-devre-yuksek-lisans-5-yil","status":"publish","type":"page","link":"https:\/\/consizmir.esteri.it\/tr\/litalia-e-turchia\/diplomazia-culturale\/italyada-egitim\/universite\/lisans-3-yil-veya-tek-devre-yuksek-lisans-5-yil\/","title":{"rendered":"Lisans (3 yil) veya tek devre y\u00fcksek lisans (5 yil)"},"content":{"rendered":"<div class=\"entry-content\">\n<p>Lisans (3 y\u0131l) veya Tek Devre Y\u00fcksek Lisansa (5 y\u0131l) kay\u0131t yapt\u0131rmak isteyen \u00f6\u011frenciler a\u015fa\u011f\u0131daki prosed\u00fcrleri izleyeceklerdir:<\/p>\n<p>1.\u00d6ncelikle <a href=\"https:\/\/www.universitaly.it\/\">UNIVERSITALY<\/a> portal\u0131na giri\u015f yap\u0131lmal\u0131, ve \u00f6n kay\u0131t formu doldurulmal\u0131d\u0131r.<\/p>\n<p>2.\u00a0<a href=\"https:\/\/www.universitaly.it\/\">UNIVERSITALY<\/a> portal\u0131ndan \u00f6n kay\u0131t onay\u0131 geldikten sonra B\u00fcy\u00fckel\u00e7ili\u011fimizin \u00e7al\u0131\u015ft\u0131\u011f\u0131 acenta olan iDATA\u2019ya (<a href=\"https:\/\/idata.com.tr\/it\/\">https:\/\/idata.com.tr\/it\/<\/a>) a\u015fa\u011f\u0131daki linkte belirtilmi\u015f olan belgelerle vize ba\u015fvurusu yap\u0131lmas\u0131 gerekmektedir. Detayl\u0131 bilgi i\u00e7in: <a href=\"https:\/\/ambankara.esteri.it\/tr\/servizi-consolari-e-visti\/servizi-per-il-cittadino-straniero\/visti\/\">Vize \u2013 Ambasciata d\u2019Italia ad Ankara (esteri.it)<\/a><\/p>\n<p>3. E\u011fitim alacaklar\u0131 \u00fcniversiteden Dichiarazione di Valore (Denklik Belgesi\/Declaration of Value) ibraz etmeleri istenen \u00f6\u011frenciler, ba\u015fvuru i\u00e7in a\u015fa\u011f\u0131daki linkte belirtilmi\u015f olan belgeleri haz\u0131rlay\u0131p, vize ba\u015fvurular\u0131 ile birlikte, iDATA \u015firketine teslim edeceklerdir. Detayl\u0131 bilgi i\u00e7in: <a href=\"https:\/\/ambankara.esteri.it\/tr\/servizi-consolari-e-visti\/servizi-per-il-cittadino-straniero\/visti\/\">Vize \u2013 Ambasciata d\u2019Italia ad Ankara (esteri.it)<\/a><\/p>\n<p>B\u00fcy\u00fckel\u00e7ili\u011fimiz yetki alan\u0131ndan farkl\u0131 bir b\u00f6lgede verilen yurtd\u0131\u015f\u0131 diplomalar\u0131 ise o b\u00f6lgede yetkili diplomatik makamlar taraf\u0131ndan verilecek olan bir denklik belgesi ile beraber sunulmal\u0131d\u0131r.<\/p>\n<p><strong>D\u0130KKAT: Belgelerin apostil m\u00fchr\u00fc ta\u015f\u0131yan orijinallerinin yan\u0131 s\u0131ra birer n\u00fcsha fotokopileri de <u>mutlaka<\/u> ibraz edilmelidir.<\/strong><\/p>\n<p>\u00d6NEML\u0130 NOT: Kay\u0131t yapt\u0131rmak isteyen \u00f6\u011frencilerin 12 y\u0131ll\u0131k bir e\u011fitim ge\u00e7mi\u015fleri (8 y\u0131l zorunlu e\u011fitim ve 4 y\u0131l lise e\u011fitimi) olmas\u0131 gerekmektedir. Haz\u0131rl\u0131k s\u0131n\u0131flar\u0131 talep edilen 12 y\u0131ll\u0131k e\u011fitim hayat\u0131 hesaplamas\u0131na dahil de\u011fildir.<\/p>\n<\/div>\n","protected":false},"excerpt":{"rendered":"Lisans (3 y\u0131l) veya Tek Devre Y\u00fcksek Lisansa (5 y\u0131l) kay\u0131t yapt\u0131rmak isteyen \u00f6\u011frenciler a\u015fa\u011f\u0131daki prosed\u00fcrleri izleyeceklerdir: 1.\u00d6ncelikle UNIVERSITALY portal\u0131na giri\u015f yap\u0131lmal\u0131, ve \u00f6n kay\u0131t formu doldurulmal\u0131d\u0131r. 2.\u00a0UNIVERSITALY portal\u0131ndan \u00f6n kay\u0131t onay\u0131 geldikten sonra B\u00fcy\u00fckel\u00e7ili\u011fimizin \u00e7al\u0131\u015ft\u0131\u011f\u0131 acenta olan iDATA\u2019ya (https:\/\/idata.com.tr\/it\/) a\u015fa\u011f\u0131daki linkte belirtilmi\u015f olan belgelerle vize ba\u015fvurusu yap\u0131lmas\u0131 gerekmektedir. Detayl\u0131 bilgi i\u00e7in: Vize \u2013 Ambasciata [&hellip;]","protected":false},"author":6,"featured_media":0,"parent":1377,"menu_order":1,"comment_status":"closed","ping_status":"closed","template":"","meta":{"footnotes":""},"class_list":["post-1387","page","type-page","status-publish","hentry"],"_links":{"self":[{"href":"https:\/\/consizmir.esteri.it\/tr\/wp-json\/wp\/v2\/pages\/1387","targetHints":{"allow":["GET"]}}],"collection":[{"href":"https:\/\/consizmir.esteri.it\/tr\/wp-json\/wp\/v2\/pages"}],"about":[{"href":"https:\/\/consizmir.esteri.it\/tr\/wp-json\/wp\/v2\/types\/page"}],"author":[{"embeddable":true,"href":"https:\/\/consizmir.esteri.it\/tr\/wp-json\/wp\/v2\/users\/6"}],"replies":[{"embeddable":true,"href":"https:\/\/consizmir.esteri.it\/tr\/wp-json\/wp\/v2\/comments?post=1387"}],"version-history":[{"count":1,"href":"https:\/\/consizmir.esteri.it\/tr\/wp-json\/wp\/v2\/pages\/1387\/revisions"}],"predecessor-version":[{"id":1389,"href":"https:\/\/consizmir.esteri.it\/tr\/wp-json\/wp\/v2\/pages\/1387\/revisions\/1389"}],"up":[{"embeddable":true,"href":"https:\/\/consizmir.esteri.it\/tr\/wp-json\/wp\/v2\/pages\/1377"}],"wp:attachment":[{"href":"https:\/\/consizmir.esteri.it\/tr\/wp-json\/wp\/v2\/media?parent=1387"}],"curies":[{"name":"wp","href":"https:\/\/api.w.org\/{rel}","templated":true}]}}