{"id":1427,"date":"2023-03-26T21:47:49","date_gmt":"2023-03-26T21:47:49","guid":{"rendered":"https:\/\/consizmir.esteri.it\/litalia-e-turchia\/diplomazia-economica\/fare-affari-in-turchia\/"},"modified":"2023-11-30T14:00:31","modified_gmt":"2023-11-30T14:00:31","slug":"fare-affari-in-turchia","status":"publish","type":"page","link":"https:\/\/consizmir.esteri.it\/tr\/litalia-e-turchia\/diplomazia-economica\/fare-affari-in-turchia\/","title":{"rendered":"T\u00fcrkiye&#8217;de i\u015f yapmak"},"content":{"rendered":"<div class=\"entry-content\">\n<p>T\u00fcrkiye\u2019de i\u015f f\u0131rsatlar\u0131yla ilgili bilgiler i\u00e7in Info Mercati Esteri sitesinden yola \u00e7\u0131k\u0131lmas\u0131n\u0131 \u00f6nermekteyiz:<\/p>\n<p>\u2022\u00a0<a href=\"http:\/\/www.infomercatiesteri.it\/dove_investire.php?id_paesi=95\">Nereye yat\u0131r\u0131m yapmal\u0131<\/a><\/p>\n<p>\u2022\u00a0<a href=\"http:\/\/www.infomercatiesteri.it\/dove_vendere.php?id_paesi=95\">Ne satmal\u0131<\/a><\/p>\n<p>\u0130talyan bir giri\u015fimcinin T\u00fcrkiye\u2019de operatif veya ticari bir faaliyete ba\u015flamadan \u00f6nce edinmesi gereken, yasal ve vergi ile ilgili y\u00fck\u00fcml\u00fcl\u00fcklerden i\u015f kanununa, yat\u0131r\u0131m prosed\u00fcrlerinden te\u015fviklere <strong>T\u00fcrkiye ekonomisi ve mevzuatlar konusunda bilgiler<\/strong> i\u00e7in a\u015fa\u011f\u0131dakilere ba\u015fvurulmas\u0131n\u0131 \u00f6nermekteyiz:<\/p>\n<p>\u2022\u00a0<a href=\"http:\/\/www.invest.gov.tr\/en-US\/theagency\/Pages\/OurServices.aspx\">ISPAT, T.C.<\/a> Ba\u015fbakanl\u0131k Yat\u0131r\u0131m Destek ve Tan\u0131t\u0131m Ajans\u0131<\/p>\n<p>\u2022\u00a0<a href=\"http:\/\/www.ambankara.esteri.it\/ambasciata_ankara\/it\/header\/newsletter\/newsletter.html\">Cronache Economiche<\/a>, B\u00fcy\u00fckel\u00e7ili\u011fin ekonomi b\u00fclteni<\/p>\n<p>\u2022<a href=\"http:\/\/www.italtrade.com\/countries\/europe\/turkey_en\/index.htm\">\u00a0ICE<\/a><\/p>\n<p>\u2022\u00a0<a href=\"http:\/\/extender.esteri.it\/sito\/\">Extender<\/a>, \u0130haleler ve B\u00fcy\u00fck projelerle ilgili bilgi Sistemi<\/p>\n<p><strong>\u00dclkeye giri\u015f i\u00e7in gerekli belgeler:<\/strong><\/p>\n<p>Turistik ama\u00e7larla 180 g\u00fcn i\u00e7inde en fazla 90 g\u00fcn s\u00fcreyle giri\u015f vizesi gerekmemektedir. Turizm d\u0131\u015f\u0131ndaki ama\u00e7larla yap\u0131lan seyahatlerde ve her hal\u00fckarda 180 g\u00fcnl\u00fck s\u00fcre i\u00e7inde 90 g\u00fcnden fazla kal\u0131\u015flarda vize al\u0131nmas\u0131 zorunludur. T\u00fcrkiye&#8217;de ikamet etmek veya \u00e7al\u0131\u015fmak isteyen \u0130talyan vatanda\u015flar\u0131 gerekli vizeyi almal\u0131 ve T\u00fcrkiye&#8217;ye giri\u015f yapt\u0131ktan sonra, gerekiyorsa, m\u00fcmk\u00fcn olan en k\u0131sa s\u00fcrede ilgili ikamet izni i\u00e7in ba\u015fvurmal\u0131d\u0131r. Daha fazla bilgi i\u00e7in l\u00fctfen bak\u0131n\u0131z:<\/p>\n<p>\u2022 <a href=\"https:\/\/www.viaggiaresicuri.it\/find-country\/country\/TUR\">Viaggiare Sicuri<\/a><\/p>\n<p>\u2022 <a href=\"https:\/\/www.mfa.gov.tr\/general-information-about-turkish-visas.en.mfa\">Ministero degli Affari Esteri Turco<\/a><\/p>\n<\/div>\n","protected":false},"excerpt":{"rendered":"T\u00fcrkiye\u2019de i\u015f f\u0131rsatlar\u0131yla ilgili bilgiler i\u00e7in Info Mercati Esteri sitesinden yola \u00e7\u0131k\u0131lmas\u0131n\u0131 \u00f6nermekteyiz: \u2022\u00a0Nereye yat\u0131r\u0131m yapmal\u0131 \u2022\u00a0Ne satmal\u0131 \u0130talyan bir giri\u015fimcinin T\u00fcrkiye\u2019de operatif veya ticari bir faaliyete ba\u015flamadan \u00f6nce edinmesi gereken, yasal ve vergi ile ilgili y\u00fck\u00fcml\u00fcl\u00fcklerden i\u015f kanununa, yat\u0131r\u0131m prosed\u00fcrlerinden te\u015fviklere T\u00fcrkiye ekonomisi ve mevzuatlar konusunda bilgiler i\u00e7in a\u015fa\u011f\u0131dakilere ba\u015fvurulmas\u0131n\u0131 \u00f6nermekteyiz: \u2022\u00a0ISPAT, T.C. Ba\u015fbakanl\u0131k [&hellip;]","protected":false},"author":2,"featured_media":0,"parent":176,"menu_order":0,"comment_status":"closed","ping_status":"closed","template":"","meta":{"footnotes":""},"class_list":["post-1427","page","type-page","status-publish","hentry"],"_links":{"self":[{"href":"https:\/\/consizmir.esteri.it\/tr\/wp-json\/wp\/v2\/pages\/1427","targetHints":{"allow":["GET"]}}],"collection":[{"href":"https:\/\/consizmir.esteri.it\/tr\/wp-json\/wp\/v2\/pages"}],"about":[{"href":"https:\/\/consizmir.esteri.it\/tr\/wp-json\/wp\/v2\/types\/page"}],"author":[{"embeddable":true,"href":"https:\/\/consizmir.esteri.it\/tr\/wp-json\/wp\/v2\/users\/2"}],"replies":[{"embeddable":true,"href":"https:\/\/consizmir.esteri.it\/tr\/wp-json\/wp\/v2\/comments?post=1427"}],"version-history":[{"count":1,"href":"https:\/\/consizmir.esteri.it\/tr\/wp-json\/wp\/v2\/pages\/1427\/revisions"}],"predecessor-version":[{"id":1430,"href":"https:\/\/consizmir.esteri.it\/tr\/wp-json\/wp\/v2\/pages\/1427\/revisions\/1430"}],"up":[{"embeddable":true,"href":"https:\/\/consizmir.esteri.it\/tr\/wp-json\/wp\/v2\/pages\/176"}],"wp:attachment":[{"href":"https:\/\/consizmir.esteri.it\/tr\/wp-json\/wp\/v2\/media?parent=1427"}],"curies":[{"name":"wp","href":"https:\/\/api.w.org\/{rel}","templated":true}]}}