{"id":147,"date":"2023-03-26T15:48:47","date_gmt":"2023-03-26T15:48:47","guid":{"rendered":"https:\/\/consizmir.esteri.it\/amministrazione-trasparente\/"},"modified":"2023-11-30T12:45:05","modified_gmt":"2023-11-30T12:45:05","slug":"amministrazione-trasparente","status":"publish","type":"page","link":"https:\/\/consizmir.esteri.it\/tr\/amministrazione-trasparente\/","title":{"rendered":"Konsolosluk Resmi Belgelerine Ula\u015f\u0131m"},"content":{"rendered":"<p>I\u00e7erik yaln\u0131zca italyanca mevcuttur.<\/p>\n","protected":false},"excerpt":{"rendered":"I\u00e7erik yaln\u0131zca italyanca mevcuttur.","protected":false},"author":2,"featured_media":0,"parent":0,"menu_order":10,"comment_status":"closed","ping_status":"closed","template":"","meta":{"footnotes":""},"class_list":["post-147","page","type-page","status-publish","hentry"],"_links":{"self":[{"href":"https:\/\/consizmir.esteri.it\/tr\/wp-json\/wp\/v2\/pages\/147","targetHints":{"allow":["GET"]}}],"collection":[{"href":"https:\/\/consizmir.esteri.it\/tr\/wp-json\/wp\/v2\/pages"}],"about":[{"href":"https:\/\/consizmir.esteri.it\/tr\/wp-json\/wp\/v2\/types\/page"}],"author":[{"embeddable":true,"href":"https:\/\/consizmir.esteri.it\/tr\/wp-json\/wp\/v2\/users\/2"}],"replies":[{"embeddable":true,"href":"https:\/\/consizmir.esteri.it\/tr\/wp-json\/wp\/v2\/comments?post=147"}],"version-history":[{"count":5,"href":"https:\/\/consizmir.esteri.it\/tr\/wp-json\/wp\/v2\/pages\/147\/revisions"}],"predecessor-version":[{"id":1425,"href":"https:\/\/consizmir.esteri.it\/tr\/wp-json\/wp\/v2\/pages\/147\/revisions\/1425"}],"wp:attachment":[{"href":"https:\/\/consizmir.esteri.it\/tr\/wp-json\/wp\/v2\/media?parent=147"}],"curies":[{"name":"wp","href":"https:\/\/api.w.org\/{rel}","templated":true}]}}