{"id":152,"date":"2023-03-26T21:39:13","date_gmt":"2023-03-26T21:39:13","guid":{"rendered":"https:\/\/consizmir.esteri.it\/chi-siamo\/il-console-generale\/"},"modified":"2023-11-21T08:00:27","modified_gmt":"2023-11-21T08:00:27","slug":"il-console","status":"publish","type":"page","link":"https:\/\/consizmir.esteri.it\/tr\/chi-siamo\/il-console\/","title":{"rendered":"Konsolos"},"content":{"rendered":"<p><img loading=\"lazy\" decoding=\"async\" class=\"alignnone size-medium wp-image-1047 img-fluid\" src=\"https:\/\/consizmir.esteri.it\/wp-content\/uploads\/2023\/11\/foto-273x300.jpg\" alt=\"\" width=\"273\" height=\"300\" srcset=\"https:\/\/consizmir.esteri.it\/wp-content\/uploads\/2023\/11\/foto-273x300.jpg 273w, https:\/\/consizmir.esteri.it\/wp-content\/uploads\/2023\/11\/foto-931x1024.jpg 931w, https:\/\/consizmir.esteri.it\/wp-content\/uploads\/2023\/11\/foto-768x844.jpg 768w, https:\/\/consizmir.esteri.it\/wp-content\/uploads\/2023\/11\/foto.jpg 1920w\" sizes=\"auto, (max-width: 273px) 100vw, 273px\" \/><\/p>\n<p>\u0130zmir \u0130talya Konsolosu Sayin Daniele BIANCHI<\/p>\n<p>Daniele Bianchi 03.01.1987 tarihinde Novi Ligure&#8217;de (AL) do\u011fdu. Cenova \u00dcniversitesi Hukuk Fak\u00fcltesinden 2011 y\u0131l\u0131nda mezun olduktan sonra 2014 y\u0131l\u0131nda Bruges&#8217;deki (Bel\u00e7ika) Avrupa Koleji&#8217;nde Avrupa Siyaseti alan\u0131nda y\u00fcksek lisans derecesi ald\u0131.<\/p>\n<p>2017 y\u0131l\u0131nda kazand\u0131\u011f\u0131 s\u0131nav ile Italya D\u0131\u015fi\u015fleri ve Uluslararas\u0131 \u0130\u015fbirli\u011fi Bakanl\u0131\u011f\u0131\u2019na diplomat olarak g\u00f6reve ba\u015flayarak Yurtd\u0131\u015f\u0131ndaki \u0130talyanlar ve G\u00f6\u00e7 Politikalar\u0131 Genel M\u00fcd\u00fcrl\u00fc\u011f\u00fc\u2019nde Yurtta\u015flara Destek Ofisi\u2019nde, ard\u0131ndan da G\u00f6\u00e7 Politikas\u0131n\u0131n D\u0131\u015f Boyutu Ofisi\u2019nde g\u00f6reve devam etti.<\/p>\n<p>2020-2023 y\u0131llar\u0131 aras\u0131nda Bern \u0130talya B\u00fcy\u00fckel\u00e7ili\u011fi&#8217;nde Konsolosluk B\u00f6l\u00fcm\u00fc Ba\u015fkan\u0131 olarak g\u00f6rev yapt\u0131.<\/p>\n<p>13 Kas\u0131m 2023 tarihinden itibaren \u0130zmir \u0130talya Konsolosu olarak g\u00f6rev yapmaktad\u0131r.<\/p>\n","protected":false},"excerpt":{"rendered":"\u0130zmir \u0130talya Konsolosu Sayin Daniele BIANCHI Daniele Bianchi 03.01.1987 tarihinde Novi Ligure&#8217;de (AL) do\u011fdu. Cenova \u00dcniversitesi Hukuk Fak\u00fcltesinden 2011 y\u0131l\u0131nda mezun olduktan sonra 2014 y\u0131l\u0131nda Bruges&#8217;deki (Bel\u00e7ika) Avrupa Koleji&#8217;nde Avrupa Siyaseti alan\u0131nda y\u00fcksek lisans derecesi ald\u0131. 2017 y\u0131l\u0131nda kazand\u0131\u011f\u0131 s\u0131nav ile Italya D\u0131\u015fi\u015fleri ve Uluslararas\u0131 \u0130\u015fbirli\u011fi Bakanl\u0131\u011f\u0131\u2019na diplomat olarak g\u00f6reve ba\u015flayarak Yurtd\u0131\u015f\u0131ndaki \u0130talyanlar ve G\u00f6\u00e7 [&hellip;]","protected":false},"author":2,"featured_media":0,"parent":130,"menu_order":2,"comment_status":"closed","ping_status":"closed","template":"","meta":{"footnotes":""},"class_list":["post-152","page","type-page","status-publish","hentry"],"_links":{"self":[{"href":"https:\/\/consizmir.esteri.it\/tr\/wp-json\/wp\/v2\/pages\/152","targetHints":{"allow":["GET"]}}],"collection":[{"href":"https:\/\/consizmir.esteri.it\/tr\/wp-json\/wp\/v2\/pages"}],"about":[{"href":"https:\/\/consizmir.esteri.it\/tr\/wp-json\/wp\/v2\/types\/page"}],"author":[{"embeddable":true,"href":"https:\/\/consizmir.esteri.it\/tr\/wp-json\/wp\/v2\/users\/2"}],"replies":[{"embeddable":true,"href":"https:\/\/consizmir.esteri.it\/tr\/wp-json\/wp\/v2\/comments?post=152"}],"version-history":[{"count":6,"href":"https:\/\/consizmir.esteri.it\/tr\/wp-json\/wp\/v2\/pages\/152\/revisions"}],"predecessor-version":[{"id":1181,"href":"https:\/\/consizmir.esteri.it\/tr\/wp-json\/wp\/v2\/pages\/152\/revisions\/1181"}],"up":[{"embeddable":true,"href":"https:\/\/consizmir.esteri.it\/tr\/wp-json\/wp\/v2\/pages\/130"}],"wp:attachment":[{"href":"https:\/\/consizmir.esteri.it\/tr\/wp-json\/wp\/v2\/media?parent=152"}],"curies":[{"name":"wp","href":"https:\/\/api.w.org\/{rel}","templated":true}]}}