{"id":155,"date":"2023-03-26T21:40:09","date_gmt":"2023-03-26T21:40:09","guid":{"rendered":"https:\/\/consizmir.esteri.it\/chi-siamo\/gli-uffici\/"},"modified":"2026-03-12T10:13:30","modified_gmt":"2026-03-12T10:13:30","slug":"gli-uffici","status":"publish","type":"page","link":"https:\/\/consizmir.esteri.it\/tr\/chi-siamo\/gli-uffici\/","title":{"rendered":"Birimler"},"content":{"rendered":"<p>\u0130zmir \u0130talya Konsoloslu\u011fu&#8217;nun g\u00fcncel adresi a\u015fa\u011f\u0131da verilmi\u015ftir.<\/p>\n<p><strong>\u0130talya Konsoloslu\u011fu <\/strong><br \/>\nAkdeniz Mh. \u015eehit Fethi Bey Caddesi No. 55<br \/>\nKonak \/ Izmir<\/p>\n<p>Tel.: +90\/ 232 463 66 76;<br \/>\nE-mail: <a href=\"mailto:consolato.izmir@esteri.it\">consolato.izmir@esteri.it<\/a><\/p>\n<p><strong>Acil durumlarda<\/strong>, tatil g\u00fcnlerinde ve \u00e7al\u0131\u015fma saatleri d\u0131\u015f\u0131nda(Pazartesi-Cuma 09:00-17:00) a\u015fa\u011f\u0131daki telefon numaralar\u0131n\u0131 arayabilirsiniz.<\/p>\n<p><strong>Vize m\u00fcracaatlar\u0131 ile ilgili sorunlar i\u00e7in KES\u0130NL\u0130KLE KULLANILMAMALIDIR.<\/strong><\/p>\n<p>\u0130zmir, Akdeniz ve\u00a0Kapadokya b\u00f6lgesi :\u00a0<span class=\"baec5a81-e4d6-4674-97f3-e9220f0136c1\">+90 532 677 3273<br \/>\nA<\/span>nkara ve G\u00fcneydo\u011fu b\u00f6lgesi:\u00a0<span class=\"baec5a81-e4d6-4674-97f3-e9220f0136c1\">+90532374 8177<\/span><br \/>\n\u0130stanbul ve Karadeniz b\u00f6lgesi :\u00a0<span class=\"baec5a81-e4d6-4674-97f3-e9220f0136c1\">+90 555 458 5844<\/span><\/p>\n<p><b><strong>Konsolos<\/strong><\/b><br \/>\nE-mail: <a href=\"mailto:console.izmir@esteri.it\">console.izmir@esteri.it<\/a><\/p>\n<p><b><strong>Sekreterlik<\/strong><\/b><br \/>\nE-mail: <a href=\"mailto:segreteria.izmir@esteri.it\">segreteria.izmir@esteri.it<\/a><\/p>\n<p><strong>\u0130dari ve Mali \u0130\u015fler Ofisi<\/strong><br \/>\nE-mail: <a href=\"mailto:contabilita.izmir@esteri.it\">contabilita.izmir@esteri.it<\/a><\/p>\n<p><b><strong>Sosyal dan\u0131\u015fma \/ Pasaport \/ Konsolosluk kutu\u011fu \/ Se\u00e7imler \/ Medeni Hal<\/strong><\/b><br \/>\nE-mail: <a href=\"mailto:izmir.cittadini@esteri.it\">izmir.cittadini@esteri.it<\/a><\/p>\n<p><strong>Denizcilik i\u015flemleri<\/strong><br \/>\nE-mail: <a href=\"mailto:navigazione.izmir@esteri.it\">navigazione.izmir@esteri.it<\/a><\/p>\n<p><b><strong>Vize B\u00f6l\u00fcm\u00fc<\/strong><\/b><br \/>\nE-mail: <a href=\"mailto:visti.izmir@esteri.it\">visti.izmir@esteri.it<\/a><\/p>\n<p><b><strong>Ekonomi ve Ticaret Ofisi<br \/>\nP<\/strong><\/b>er richieste di assistenza alla sezione economico-commerciale clicca\u00a0<a href=\"https:\/\/nexus.esteri.it\/\">qui<\/a><\/p>\n<p><b><strong>\u00c7al\u0131\u015fma Saatleri::<\/strong><\/b><\/p>\n<p>Konsoloslu\u011fumuz randevu \u00fczerine vatanda\u015flara a\u00e7\u0131kt\u0131r.<\/p>\n<p><b><strong>\u00a0<\/strong><\/b><\/p>\n<p><b><strong>2026 y\u0131l\u0131 tatil g\u00fcnleri:<\/strong><\/b><\/p>\n<table width=\"749\">\n<tbody>\n<tr>\n<td><strong>Per\u015fembe<\/strong><\/td>\n<td><strong>01 Ocak<\/strong><\/td>\n<td><strong>YILBA\u015eI<\/strong><\/td>\n<\/tr>\n<tr>\n<td><strong>Cuma<\/strong><\/td>\n<td><strong>31 Mart<\/strong><\/td>\n<td><strong>RAMAZAN BAYRAMI<\/strong><\/td>\n<\/tr>\n<tr>\n<td><strong>Cumartesi<\/strong><\/td>\n<td><strong>\u00a01 Nisan<\/strong><\/td>\n<td><strong>RAMAZAN BAYRAMI<\/strong><\/td>\n<\/tr>\n<tr>\n<td><strong>Pazartesi<\/strong><\/td>\n<td><strong>21 Nisan <\/strong><\/td>\n<td><strong>PASKALYE PAZARTES\u0130S\u0130<\/strong><\/td>\n<\/tr>\n<tr>\n<td><strong>Cuma<\/strong><\/td>\n<td><strong>01 May\u0131s<\/strong><\/td>\n<td><strong>\u0130\u015e VE \u0130\u015e\u00c7\u0130 BAYRAMI<\/strong><\/td>\n<\/tr>\n<tr>\n<td><strong>\u00c7ar\u015famba<\/strong><\/td>\n<td><strong>27 Mayis<\/strong><\/td>\n<td><strong>KURBAN BAYRAM<\/strong><\/td>\n<\/tr>\n<tr>\n<td><strong>Sali<\/strong><\/td>\n<td><strong>02 Haziran<\/strong><\/td>\n<td><strong>\u0130TALYA CUMHUR\u0130YET BAYRAMI<\/strong><\/td>\n<\/tr>\n<tr>\n<td><strong>Cumartesi<\/strong><\/td>\n<td><strong>15 A\u011fustos<\/strong><\/td>\n<td><strong>MERYEM&#8217;\u0130N \u00d6L\u00dcM\u00dcNDEN SONRA BEDEN\u0130 VE RUHUNUN CENNETE G\u0130RMES\u0130 BAYRAMI<\/strong><\/p>\n<p>&nbsp;<\/td>\n<\/tr>\n<tr>\n<td><strong>Pazar<\/strong><\/td>\n<td><strong>04 Ekim<\/strong><\/td>\n<td><strong>AZIZ FRANCESCO BAYRAMI<\/strong><\/td>\n<\/tr>\n<tr>\n<td><strong>Per\u015fembe<\/strong><\/td>\n<td>29 Ekim<\/td>\n<td><strong>CUMHUR\u0130YET BAYRAMI<\/strong><\/td>\n<\/tr>\n<tr>\n<td><strong>Cuma<\/strong><\/td>\n<td><strong>25 Aral\u0131k<\/strong><\/td>\n<td><strong>NOEL<\/strong><\/td>\n<\/tr>\n<tr>\n<td><strong>Cumartesi<\/strong><\/td>\n<td><strong>26 Aral\u0131k<\/strong><\/td>\n<td><strong>AZ. STEFANO\u00a0<\/strong><\/td>\n<\/tr>\n<\/tbody>\n<\/table>\n","protected":false},"excerpt":{"rendered":"\u0130zmir \u0130talya Konsoloslu\u011fu&#8217;nun g\u00fcncel adresi a\u015fa\u011f\u0131da verilmi\u015ftir. \u0130talya Konsoloslu\u011fu Akdeniz Mh. \u015eehit Fethi Bey Caddesi No. 55 Konak \/ Izmir Tel.: +90\/ 232 463 66 76; E-mail: consolato.izmir@esteri.it Acil durumlarda, tatil g\u00fcnlerinde ve \u00e7al\u0131\u015fma saatleri d\u0131\u015f\u0131nda(Pazartesi-Cuma 09:00-17:00) a\u015fa\u011f\u0131daki telefon numaralar\u0131n\u0131 arayabilirsiniz. Vize m\u00fcracaatlar\u0131 ile ilgili sorunlar i\u00e7in KES\u0130NL\u0130KLE KULLANILMAMALIDIR. \u0130zmir, Akdeniz ve\u00a0Kapadokya b\u00f6lgesi :\u00a0+90 532 [&hellip;]","protected":false},"author":2,"featured_media":0,"parent":130,"menu_order":6,"comment_status":"closed","ping_status":"closed","template":"","meta":{"footnotes":""},"class_list":["post-155","page","type-page","status-publish","hentry"],"_links":{"self":[{"href":"https:\/\/consizmir.esteri.it\/tr\/wp-json\/wp\/v2\/pages\/155","targetHints":{"allow":["GET"]}}],"collection":[{"href":"https:\/\/consizmir.esteri.it\/tr\/wp-json\/wp\/v2\/pages"}],"about":[{"href":"https:\/\/consizmir.esteri.it\/tr\/wp-json\/wp\/v2\/types\/page"}],"author":[{"embeddable":true,"href":"https:\/\/consizmir.esteri.it\/tr\/wp-json\/wp\/v2\/users\/2"}],"replies":[{"embeddable":true,"href":"https:\/\/consizmir.esteri.it\/tr\/wp-json\/wp\/v2\/comments?post=155"}],"version-history":[{"count":8,"href":"https:\/\/consizmir.esteri.it\/tr\/wp-json\/wp\/v2\/pages\/155\/revisions"}],"predecessor-version":[{"id":4478,"href":"https:\/\/consizmir.esteri.it\/tr\/wp-json\/wp\/v2\/pages\/155\/revisions\/4478"}],"up":[{"embeddable":true,"href":"https:\/\/consizmir.esteri.it\/tr\/wp-json\/wp\/v2\/pages\/130"}],"wp:attachment":[{"href":"https:\/\/consizmir.esteri.it\/tr\/wp-json\/wp\/v2\/media?parent=155"}],"curies":[{"name":"wp","href":"https:\/\/api.w.org\/{rel}","templated":true}]}}