{"id":1592,"date":"2023-09-13T09:06:14","date_gmt":"2023-09-13T09:06:14","guid":{"rendered":"https:\/\/consizmir.esteri.it\/servizi-consolari-e-visti\/servizi-per-il-cittadino-italiano\/carta-didentita-elettronica-cie\/"},"modified":"2023-12-15T06:58:39","modified_gmt":"2023-12-15T06:58:39","slug":"carta-didentita-elettronica-cie","status":"publish","type":"page","link":"https:\/\/consizmir.esteri.it\/tr\/servizi-consolari-e-visti\/servizi-per-il-cittadino-italiano\/carta-didentita-elettronica-cie\/","title":{"rendered":"Elektronik Kimlik Kart\u0131 (CIE)"},"content":{"rendered":"<p><strong>Elektronik kimlik kart\u0131, yaln\u0131zca \u0130zmir \u0130talya Ba\u015fkonsoloslu\u011fu yetki b\u00f6lgesi i\u00e7inde yasal olarak ikamet eden, Konsolosluk sicilinde h\u00e2lihaz\u0131rda kay\u0131tl\u0131 olan ve ki\u015fisel verileri \u0130\u00e7i\u015fleri Bakanl\u0131\u011f\u0131&#8217;n\u0131n A.I.R.E. (Yurtd\u0131\u015f\u0131nda \u0130kamet eden \u0130talyanlar K\u00fct\u00fc\u011f\u00fc) veri taban\u0131nda (ve gelecekte ANPR&#8217;de) bulunan \u0130talyan vatanda\u015flar\u0131na verilebilir.<\/strong><\/p>\n<p>Elektronik kimlik kart\u0131n\u0131n d\u00fczenlenebilmesi i\u00e7in, <strong>onaylanm\u0131\u015f bir kimlik numaras\u0131na<\/strong> sahip olunmas\u0131 gerekmektedir. Aksi takdirde, elektronik kimlik kart\u0131n\u0131n d\u00fczenlenmesinden evvel, ba\u015fvuru sahibine Konsolosluk arac\u0131l\u0131\u011f\u0131 ile Gelir \u0130daresi taraf\u0131ndan gerekli kimlik numaras\u0131 tahsis edilecek veya, mevcut ise, onaylanacakt\u0131r.<\/p>\n<ol>\n<li><strong>Ge\u00e7erlilik s\u00fcresi<\/strong><\/li>\n<\/ol>\n<p>Elektronik kimlik kart\u0131n\u0131n ge\u00e7erlilik s\u00fcresi, ba\u015fvuru sahibinin ya\u015f\u0131na g\u00f6re de\u011fi\u015fiklik g\u00f6stermektedir:<\/p>\n<ul>\n<li>\u00a03 ya\u015f alt\u0131 \u00e7ocuklar i\u00e7in 3 y\u0131l;<\/li>\n<li>\u00a03-18 ya\u015f aras\u0131 re\u015fit olmayan \u00e7ocuklar i\u00e7in 5 y\u0131l;<\/li>\n<li>\u00a0Yeti\u015fkinler i\u00e7in 10 y\u0131l.<\/li>\n<\/ul>\n<ol start=\"2\">\n<li><strong>Nas\u0131l ba\u015fvurulur<\/strong><\/li>\n<\/ol>\n<p>Elektronik kimlik kart\u0131 ba\u015fvurusu, Konsolosluk i\u015fleri veznesine \u015fahsen yap\u0131labilece\u011fi gibi, <a href=\"mailto:izmir.cittadini@esteri.it\">izmir.cittadini@esteri.it<\/a> e-posta adresi \u00fczerinden, ekteki formlar kullan\u0131larak da yap\u0131labilir.<\/p>\n<p>Talep tarihinden randevu tarihine kadar en az 15 g\u00fcn ge\u00e7mesi gerekmektedir; bu s\u00fcre, konsoloslu\u011fun ki\u015fisel verileri kontrol etmesine, olas\u0131 uygunsuzluklar\u0131 gidermesine ve belgenin d\u00fczenlenmesini engelleyen herhangi bir neden olmad\u0131\u011f\u0131n\u0131 do\u011frulamak i\u00e7in gereklidir.<\/p>\n<p><strong>Elektronik Kimlik Kart\u0131 ba\u015fvurusunda bulunmak i\u00e7in A.I.R.E.\u2019ye (Yurtd\u0131\u015f\u0131nda \u0130kamet eden \u0130talyanlar K\u00fct\u00fc\u011f\u00fc) kay\u0131t yapt\u0131rman\u0131n zorunlu oldu\u011funu hat\u0131rlat\u0131r\u0131z. Yurtd\u0131\u015f\u0131nda do\u011fan \u0130talyan vatanda\u015flar\u0131 i\u00e7in ise, bilgiler elektronik kimlik kart\u0131nda yer almas\u0131 gerekti\u011finden, ilgili ki\u015finin do\u011fum belgesinin ba\u011fl\u0131 bulundu\u011fu Belediye\u2019nin N\u00fcfus birimine h\u00e2lihaz\u0131rda kay\u0131tl\u0131 olmas\u0131 gerekmektedir. <\/strong><\/p>\n<ol start=\"3\">\n<li><strong>Randevu ve gerekli belgeler:<\/strong><\/li>\n<\/ol>\n<p>Vatanda\u015flar\u0131m\u0131z randevu ald\u0131ktan sonra Ba\u015fkonsoloslu\u011fumuza geldiklerinde a\u015fa\u011f\u0131daki <strong>belgeleri<\/strong> yanlar\u0131nda getirmeleri gerekmektedir:<\/p>\n<ul>\n<li>1 adet \u00e7er\u00e7evesiz vesikal\u0131k foto\u011fraf (sadece 12 ya\u015f\u0131ndan k\u00fc\u00e7\u00fck \u00e7ocuklardan istenmektedir);<\/li>\n<li>445\/2000 say\u0131l\u0131 Cumhurba\u015fkanl\u0131\u011f\u0131 Kararnamesi uyar\u0131nca kimlik belgesi. Kimlik belgesine (pasaport ya da kimlik) sahip olunmamas\u0131 durumunda, ba\u015fvuruda bulunan ki\u015finin iki tan\u0131k ile gelmesi gerekmektedir;<\/li>\n<li>Ba\u015fvuru sahibi 18 ya\u015f\u0131ndan k\u00fc\u00e7\u00fckse, her iki ebeveyn taraf\u0131ndan imzalanm\u0131\u015f muvafakatnamenin sunulmas\u0131 gerekmektedir.<\/li>\n<\/ul>\n<p>Randevu esnas\u0131nda Konsolosluk g\u00f6revlisi taraf\u0131ndan ilgili ki\u015finin <strong>foto\u011fraf\u0131<\/strong> \u00e7ekilip, (<strong>12 ya\u015f alt\u0131 \u00e7ocuklar hari\u00e7) parmak izi<\/strong> ve <strong>imzas\u0131 <\/strong>al\u0131nacakt\u0131r. Bu bilgiler ki\u015finin elektronik kimlik kart\u0131nda yer alan mikro\u00e7ip i\u00e7inde g\u00fcvenli bir \u015fekilde kaydedilecek olup, ba\u015fka bir yerde saklanmayacakt\u0131r.<\/p>\n<ol start=\"4\">\n<li><strong>\u00dccret<\/strong><\/li>\n<\/ol>\n<p>CIE harc\u0131 a\u015fa\u011f\u0131daki \u015fekildedir:<\/p>\n<ul>\n<li>\u0130lk defa verilecek elektronik kimlik kart\u0131 veya elektronik kimlik kart\u0131 yenileme i\u00e7in toplam <strong>21,95\u00a0Euro<\/strong>\u2019nun TL kar\u015f\u0131l\u0131\u011f\u0131;<\/li>\n<li>Kimli\u011fin \u00e7al\u0131nmas\u0131 veya kayb\u0131 durumunda yenilenecek elektronik kimlik kartlar\u0131 i\u00e7in <strong>27,11<\/strong> <strong>Euro<\/strong>&#8216;nun\u00a0TL kar\u015f\u0131l\u0131\u011f\u0131;<\/li>\n<\/ul>\n<p>\u00d6deme, ilgili Konsolosluk birimi taraf\u0131ndan belirlenen prosed\u00fcrlere uygun olarak randevu g\u00fcn\u00fcnde yap\u0131lacakt\u0131r. Yerel para birimi ile yap\u0131lacak olan \u00f6deme tutar\u0131, randevu tarihi ile beraber iletilecek olup, Ankara&#8217;daki \u0130talyan B\u00fcy\u00fckel\u00e7ili\u011fi taraf\u0131ndan her \u00fc\u00e7 ayda bir belirlenen kur \u00fczerinden hesaplanacakt\u0131r.<\/p>\n<ol start=\"5\">\n<li><strong>Elektronik kimlik kart\u0131n\u0131n teslim edilmesi <\/strong><\/li>\n<\/ol>\n<p>Elektronik kimlik kart\u0131, bas\u0131ld\u0131ktan sonra, Konsolosluktaki talep tarihinden sonraki 15 g\u00fcn i\u00e7inde, Poligrafico e Zecca dello Stato taraf\u0131ndan ba\u015fvuru sahibinin beyan etti\u011fi ikamet adresine posta yoluyla g\u00f6nderilir.<\/p>\n<p>Hatal\u0131 adres nedeniyle teslimat\u0131n yap\u0131lamamas\u0131 durumunda, paket yerel postanede bekletilecek ve daha sonra yeni bir teslimat denemesi i\u00e7in ilgili Konsoloslu\u011fa iade edilecektir.<\/p>\n<ol start=\"6\">\n<li><strong>Kay\u0131p veya \u00e7al\u0131nt\u0131 kimliklerin bulunmas\u0131<\/strong><\/li>\n<\/ol>\n<p>Yurtd\u0131\u015f\u0131nda \u00e7al\u0131nan veya kaybolan kimlik kartlar\u0131, bulunmalar\u0131 halinde, genellikle olay\u0131n ger\u00e7ekle\u015fti\u011fi yerdeki Konsoloslu\u011fa iade edilir.<\/p>\n<p>Bu nedenle, yak\u0131n zamanda yurtd\u0131\u015f\u0131nda bir h\u0131rs\u0131zl\u0131k ya da kay\u0131p olay\u0131 ya\u015fayan ve kimlik kart\u0131n\u0131n bulunup bulunmad\u0131\u011f\u0131n\u0131 kontrol etmek isteyen ki\u015filerin, daha detayl\u0131 bilgi i\u00e7in ilgili Konsolosluk i\u015fleri birimine ba\u015fvurmalar\u0131 rica olunur.<\/p>\n<p>Kimliklerin sahibine iade edilebilmesi i\u00e7in, belgelerin bulundu\u011fu Konsolosluk birimine a\u015fa\u011f\u0131daki \u015fekilde ba\u015fvurulmas\u0131 gerekmektedir:<\/p>\n<ul>\n<li><strong>Konsolosluk birimi gi\u015fesinden;<\/strong><\/li>\n<li><strong>\u0130lgili taraf\u0131n talebi \u00fczerine, posta \u00fccreti ilgili ki\u015fi taraf\u0131ndan \u00f6denmek \u00fczere posta arac\u0131l\u0131\u011f\u0131 ile.<\/strong><\/li>\n<\/ul>\n<p>Konsolosluk taraf\u0131ndan verilen ve yurtd\u0131\u015f\u0131nda \u00e7al\u0131nan veya kaybolan elektronik kimlik kartlar\u0131yla ilgili olarak, bulunmalar\u0131 halinde, ilgili ki\u015fiyi bilgilendirme sorumlulu\u011fu Konsolosluk ofislerinindir. Bulunduklar\u0131 tarihten itibaren bir y\u0131l i\u00e7inde herhangi bir talep gelmemesi durumunda, kimlikler imha edilecektir.<\/p>\n<p>&nbsp;<\/p>\n","protected":false},"excerpt":{"rendered":"Elektronik kimlik kart\u0131, yaln\u0131zca \u0130zmir \u0130talya Ba\u015fkonsoloslu\u011fu yetki b\u00f6lgesi i\u00e7inde yasal olarak ikamet eden, Konsolosluk sicilinde h\u00e2lihaz\u0131rda kay\u0131tl\u0131 olan ve ki\u015fisel verileri \u0130\u00e7i\u015fleri Bakanl\u0131\u011f\u0131&#8217;n\u0131n A.I.R.E. (Yurtd\u0131\u015f\u0131nda \u0130kamet eden \u0130talyanlar K\u00fct\u00fc\u011f\u00fc) veri taban\u0131nda (ve gelecekte ANPR&#8217;de) bulunan \u0130talyan vatanda\u015flar\u0131na verilebilir. Elektronik kimlik kart\u0131n\u0131n d\u00fczenlenebilmesi i\u00e7in, onaylanm\u0131\u015f bir kimlik numaras\u0131na sahip olunmas\u0131 gerekmektedir. Aksi takdirde, elektronik kimlik [&hellip;]","protected":false},"author":6,"featured_media":0,"parent":187,"menu_order":1,"comment_status":"closed","ping_status":"closed","template":"","meta":{"footnotes":""},"class_list":["post-1592","page","type-page","status-publish","hentry"],"_links":{"self":[{"href":"https:\/\/consizmir.esteri.it\/tr\/wp-json\/wp\/v2\/pages\/1592","targetHints":{"allow":["GET"]}}],"collection":[{"href":"https:\/\/consizmir.esteri.it\/tr\/wp-json\/wp\/v2\/pages"}],"about":[{"href":"https:\/\/consizmir.esteri.it\/tr\/wp-json\/wp\/v2\/types\/page"}],"author":[{"embeddable":true,"href":"https:\/\/consizmir.esteri.it\/tr\/wp-json\/wp\/v2\/users\/6"}],"replies":[{"embeddable":true,"href":"https:\/\/consizmir.esteri.it\/tr\/wp-json\/wp\/v2\/comments?post=1592"}],"version-history":[{"count":5,"href":"https:\/\/consizmir.esteri.it\/tr\/wp-json\/wp\/v2\/pages\/1592\/revisions"}],"predecessor-version":[{"id":1618,"href":"https:\/\/consizmir.esteri.it\/tr\/wp-json\/wp\/v2\/pages\/1592\/revisions\/1618"}],"up":[{"embeddable":true,"href":"https:\/\/consizmir.esteri.it\/tr\/wp-json\/wp\/v2\/pages\/187"}],"wp:attachment":[{"href":"https:\/\/consizmir.esteri.it\/tr\/wp-json\/wp\/v2\/media?parent=1592"}],"curies":[{"name":"wp","href":"https:\/\/api.w.org\/{rel}","templated":true}]}}