{"id":165,"date":"2023-03-26T21:42:28","date_gmt":"2023-03-26T21:42:28","guid":{"rendered":"https:\/\/consizmir.esteri.it\/chi-siamo\/la-rete-consolare\/"},"modified":"2025-12-10T14:11:41","modified_gmt":"2025-12-10T14:11:41","slug":"la-rete-consolare","status":"publish","type":"page","link":"https:\/\/consizmir.esteri.it\/tr\/chi-siamo\/la-rete-consolare\/","title":{"rendered":"Konsolosluk A\u011f\u0131"},"content":{"rendered":"<p>Halen T\u00fcrkiye\u2019de mevcut olan \u0130talyan diplomatik ve konsolosluk a\u011f\u0131, Ankara \u0130talyan B\u00fcy\u00fckel\u00e7ili\u011fi, \u0130stanbul \u0130talyan Ba\u015fkonsoloslu\u011fu ve \u0130zmir \u0130talyan Konsoloslu\u011fundan olu\u015fmaktad\u0131r. Bu \u00fc\u00e7 birimin sorumluluk b\u00f6lgeleri a\u015fa\u011f\u0131da ki haritada g\u00f6sterilmi\u015ftir.<\/p>\n<p><img loading=\"lazy\" decoding=\"async\" class=\"alignnone size-full wp-image-162 img-fluid\" src=\"https:\/\/consizmir.esteri.it\/wp-content\/uploads\/2023\/03\/attuali_circoscrizioni.png\" alt=\"Attuali circoscrizioni\" width=\"888\" height=\"482\" srcset=\"https:\/\/consizmir.esteri.it\/wp-content\/uploads\/2023\/03\/attuali_circoscrizioni.png 888w, https:\/\/consizmir.esteri.it\/wp-content\/uploads\/2023\/03\/attuali_circoscrizioni-300x163.png 300w, https:\/\/consizmir.esteri.it\/wp-content\/uploads\/2023\/03\/attuali_circoscrizioni-768x417.png 768w\" sizes=\"auto, (max-width: 888px) 100vw, 888px\" \/><\/p>\n<p><strong>\u0130talya Ankara B\u00fcy\u00fckel\u00e7ili\u011fi G\u00f6rev B\u00f6lgesi:<\/strong><br \/>\nAnkara, Bolu, \u00c7ank\u0131r\u0131, Eski\u015fehir, K\u0131r\u015fehir, K\u0131r\u0131kkale, Hatay, Kahramanmara\u015f, Osmaniye, Gaziantep, Kilis, \u015eanl\u0131urfa, Malatya, Ad\u0131yaman, Elaz\u0131\u011f, Diyarbak\u0131r, Tunceli, Mardin, Bing\u00f6l, Batman, Mu\u015f, Bitlis, Siirt, \u015e\u0131rnak, A\u011fr\u0131, Hakkari, Van<\/p>\n<p><strong>\u0130talya \u0130stanbul Ba\u015fkonsoloslu\u011fu G\u00f6rev B\u00f6lgesi:<\/strong><br \/>\n\u0130stanbul, Amasya, Artvin, Bilecik, Bursa, \u00c7anakkale, \u00c7orum, Edirne, Erzurum, Erzincan, Giresun, Gum\u00fc\u015fhane, I\u011fd\u0131r, Sakarya, Kocaeli, Ardahan, Bayburt, Kars, K\u0131rklareli, Ordu, Rize, Samsun, Sinop, Sivas, Trabzon, Tokat, Tekirda\u011f, Yalova, Bart\u0131n, D\u00fczce, Karab\u00fck, Kastamonu, Yozgat, Zonguldak<\/p>\n<p><strong>\u0130talya \u0130zmir Konsoloslu\u011fu G\u00f6rev B\u00f6lgesi:<\/strong><br \/>\n\u0130zmir, Aksaray, Adana, Afyon, Antalya, Ayd\u0131n, Bal\u0131kesir, Burdur, Denizli, Isparta, Karaman, Kayseri, Konya, Manisa, Mersin, Mu\u011fla, Ni\u011fde, U\u015fak, K\u00fctahya, Nev\u015fehir<\/p>\n<p>Bahsi ge\u00e7en \u00fc\u00e7 temsilcili\u011fin yan\u0131 s\u0131ra Fahri Konsolosluklar da hizmet vermektedir:<br \/>\nBursa Fahri Konsoloslu\u011fu (\u0130stanbul \u0130talyan Ba\u015fkonsoloslu\u011funa ba\u011fl\u0131)<br \/>\nAntalya ve Nev\u015fehir\u00a0Fahri Konsoloslu\u011fu (\u0130zmir \u0130talyan Konsoloslu\u011funa ba\u011fl\u0131).<br \/>\n\u0130skenderun ve Gaziantep Muavin Fahri Konsoloslu\u011fu (B\u00fcy\u00fckel\u00e7ili\u011fe ba\u011fl\u0131).<\/p>\n<p><strong>\u0130talya B\u00fcy\u00fckel\u00e7ili\u011fi Konsolosluk Hizmetleri<\/strong><\/p>\n<p>Atat\u00fcrk Bulvar\u0131 n. 118<br \/>\n06680, Ankara<br \/>\nTel: 0.312.4574200<br \/>\nFax: 0.312.4574280<br \/>\ne-mail:\u00a0<a href=\"mailto:consolare.ambankara@esteri.it\">consolare.ambankara@esteri.it<\/a><\/p>\n<p>Hizmet saatleri:<br \/>\nPazartesi \u2013 Cuma; 09:00 ila 12:30, veya randevu ile<\/p>\n<p><a href=\"https:\/\/consistanbul.esteri.it\/consolato_istanbul\/it\/\"><strong>\u0130stanbul \u0130talya Ba\u015fkonsoloslu\u011fu<\/strong><\/a><\/p>\n<p>Tom Tom Kaptan Sokak n. 15<br \/>\nBo\u011fazkesen, Beyo\u011flu,<br \/>\n\u0130stanbul<br \/>\nTel: +90 212 243 10 24 \u2013 243 10 25 \u2013 244 32 59<br \/>\nFax:\u00a0<span class=\"baec5a81-e4d6-4674-97f3-e9220f0136c1\">+90 212 252 58 79<\/span><br \/>\ne-mail:\u00a0<a href=\"mailto:consolatogenerale.istanbul@esteri.it\">consolatogenerale.istanbul@esteri.it<\/a><\/p>\n<p>Halka hizmet saatleri:<br \/>\nPazartesi \u2013 Cuma; 09:00 ila 12:00<\/p>\n<p><a href=\"https:\/\/consizmir.esteri.it\/consolato_izmir\/it\"><strong>\u0130zmir \u0130talya Konsoloslu\u011fu<\/strong><\/a><\/p>\n<p>Akdeniz Mh. \u015eehit Fethi Bey Caddesi No. 55<br \/>\nKonak \/ Izmir<br \/>\nTel.: + 90\/232 463 66 76; +90\/232 463 66 96<br \/>\nFax +90\/232 421 25 12<br \/>\ne-mail: <a href=\"mailto:consolato.izmir@esteri.it\">consolato.izmir@esteri.it<\/a><\/p>\n<p>Hizmet saatleri:<br \/>\nPazartesi \u2013 Cuma; 09:30 ila 12:30, 14:00 ila 16:00<\/p>\n<p><strong>Bursa \u0130talya Fahri Konsoloslu\u011fu<\/strong><br \/>\nSorumluluk b\u00f6lgesi: Bursa<br \/>\nFahri Konsolos Sn. Oya \u0130zmirli<br \/>\nOulu Caddesi Ba\u015faran Sokak Diniz Apt. N. 2\/1 Bursa<br \/>\ntel:\u00a0\u00a0<span class=\"baec5a81-e4d6-4674-97f3-e9220f0136c1\">+90 224 2349682<\/span>\u00a0\u2013\u00a0<span class=\"baec5a81-e4d6-4674-97f3-e9220f0136c1\">+90 224 2335514<\/span><br \/>\nfax.\u00a0<span class=\"baec5a81-e4d6-4674-97f3-e9220f0136c1\">+90 224 2335514<\/span><br \/>\n<a href=\"mailto:bursa.onorario@esteri.it\">bursa.onorario@esteri.it<\/a><\/p>\n<p><strong>\u0130skenderun \u0130talya Fahri Konsoloslu\u011fu<\/strong><br \/>\nSorumluluk b\u00f6lgesi: Hatay, \u0130\u00e7el, Adana, Osmaniye<br \/>\nFahri Konsolos Sn. Alfredo Antonio Levante<br \/>\nAtat\u00fcrk Bulvar\u0131 \u00dcnsal Han D. 2<br \/>\n\u0130skenderun \u2013 Hatay<br \/>\nTel:\u00a0<span class=\"baec5a81-e4d6-4674-97f3-e9220f0136c1\">+90 326 6136091-2-3-4<\/span><br \/>\nFax:\u00a0<span class=\"baec5a81-e4d6-4674-97f3-e9220f0136c1\">+90 326 6179193<\/span><br \/>\n<a href=\"mailto:isk.italconsul@levante.com.tr\">isk.italconsul@levante.com.tr<\/a><\/p>\n<p><a href=\"mailto:iskenderun.onorario@esteri.it\">iskenderun.onorario@esteri.it<\/a><\/p>\n<p><strong>Gaziantep \u0130talya Fahri Konsoloslu\u011fu<\/strong><br \/>\nSorumluluk b\u00f6lgesi: Ad\u0131yaman, Batman, D\u0131yarbak\u0131r, Gaziantep, Kilis, Mardin, \u015eanl\u0131urfa, Siirt, \u015e\u0131rnak.<br \/>\nMuavin Fahri Konsolos Mehpare \u015eayan Kileci<br \/>\nGatem Sitesi 15. Blok no 31\/33, 27110\u00a0\u00a0\u015eehitkamil \u2013 Gaziantep<br \/>\nTel:\u00a0<span class=\"baec5a81-e4d6-4674-97f3-e9220f0136c1\">+90 342 2381428<\/span><br \/>\ne-mail:\u00a0<a href=\"mailto:mskileci@gapdanismanlik.com\">mskileci@gapdanismanlik.com<\/a><\/p>\n<p><a href=\"mailto:gaziantep.onorario@esteri.it\">gaziantep.onorario@esteri.it<\/a><\/p>\n<p><strong>Antalya \u0130talya Fahri Konsoloslu\u011fu<\/strong><\/p>\n<p>Sorumluluk B\u00f6lgesi: Antalya<\/p>\n<p>Fahri Konsolos Ramazan \u00dc\u00e7dan<\/p>\n<p>Tel: +90 242 711 07 07 \u2013 E-mail:\u00a0<a href=\"https:\/\/ambankara.esteri.it\/ambasciata_ankara\/mail%20to:antalya.onorario@esteri.it\">antalya.onorario@esteri.it<\/a><br \/>\nAdres: Belek Mah. Cumhuruyet Cad no. 7\/102, Belek\/Serik\/Antalya<\/p>\n<p><a href=\"https:\/\/consizmir.esteri.it\/wp-content\/uploads\/2025\/03\/Decreto-Limitazione-Funzioni-Antalya.pdf\">YETKI BELIRLEME KARARNAMESI Antalya Fahri Konsolosu<\/a><\/p>\n<p><strong>Nev\u015fehir \u0130talya Muavin Fahri Konsoloslu\u011fu<\/strong><\/p>\n<p>Sorumluluk b\u00f6lgesi: Nev\u015fehir, K\u0131r\u015fehir, Yozgat<\/p>\n<p>Fahri Muavin Konsolos Veli T\u00f6ren<br \/>\nTevfik Fikret Caddesi No.13, \u00dcrg\u00fcp- Nev\u015fehir<br \/>\nTel:\u00a0<span class=\"baec5a81-e4d6-4674-97f3-e9220f0136c1\">+90 384 3414688 <\/span>Fax:\u00a0\u00a0<span class=\"baec5a81-e4d6-4674-97f3-e9220f0136c1\">+90 384 3418866<\/span><br \/>\ne-mail:\u00a0<a href=\"mailto:veli@argeus.com\">veli@argeus.com\u00a0\u00a0<\/a><\/p>\n<p><a href=\"mailto:nevsehir.onorario@esteri.it\">nevsehir.onorario@esteri.it<\/a><\/p>\n<p><a href=\"resource\/doc\/2020\/02\/decreto_limitazione_funzioni_nevehir.pdf\" target=\"_blank\" rel=\"noopener\">YETKI BELIRLEME KARARNAMESI Nev\u015fehir Fahri Vis Konsolosu<\/a><\/p>\n<p><strong>Bodrum \u0130talya Muavin Fahri Konsoloslu\u011fu<\/strong><\/p>\n<p>Sorumluluk b\u00f6gesi: Mu\u011fla<\/p>\n<p>Fahri Muavin Konsolos Sinan Kiziltan<br \/>\nTelefon: +90 532 7797068 \u2013 +90 252 3330039<\/p>\n<p>E-mail:\u00a0<a href=\"https:\/\/ambankara.esteri.it\/ambasciata_ankara\/mail%20to:bodrum.onorario@esteri.it\">bodrum.onorario@esteri.it<\/a><br \/>\nAdres: Milas-Bodrum Karayolu 18.Km. Kemikler K\u00f6y\u00fc Mevkii Milas \u2013 Mu\u011fla<\/p>\n<p><a href=\"resource\/doc\/2020\/06\/decreto_di_limitazione_funzioni__tur_-_bodrum.pdf\">YETKI BELIRLEME KARARNAMESI Bodrum Fahri Vis Konsolosu<\/a><\/p>\n<p>&nbsp;<\/p>\n<p><strong>KONSOLOSLUK MUHAB\u0130RLER\u0130:<\/strong><\/p>\n<p>Yetki B\u00f6lgesi: Ku\u015fadas\u0131<\/p>\n<p>Konsolosluk muhabiri: Murat Sarac<\/p>\n<p>Tel: 05326144337<\/p>\n<p>Email: <a href=\"mailto:mrtsarac68@gmail.com\">mrtsarac68@gmail.com<\/a><\/p>\n<p>&nbsp;<\/p>\n<p>Yetki B\u00f6lgesi: \u00c7e\u015fme<\/p>\n<p>Konsolosluk muhabiri: Pandely Lorenzo Argenti<\/p>\n<p>Tel: +90 553 482 60 22<\/p>\n<p>E-mail: <a href=\"mailto:lorenzo.argenti@libero.it\">lorenzo.argenti@libero.it<\/a><\/p>\n<p>&nbsp;<\/p>\n<p>&nbsp;<\/p>\n","protected":false},"excerpt":{"rendered":"Halen T\u00fcrkiye\u2019de mevcut olan \u0130talyan diplomatik ve konsolosluk a\u011f\u0131, Ankara \u0130talyan B\u00fcy\u00fckel\u00e7ili\u011fi, \u0130stanbul \u0130talyan Ba\u015fkonsoloslu\u011fu ve \u0130zmir \u0130talyan Konsoloslu\u011fundan olu\u015fmaktad\u0131r. Bu \u00fc\u00e7 birimin sorumluluk b\u00f6lgeleri a\u015fa\u011f\u0131da ki haritada g\u00f6sterilmi\u015ftir. \u0130talya Ankara B\u00fcy\u00fckel\u00e7ili\u011fi G\u00f6rev B\u00f6lgesi: Ankara, Bolu, \u00c7ank\u0131r\u0131, Eski\u015fehir, K\u0131r\u015fehir, K\u0131r\u0131kkale, Hatay, Kahramanmara\u015f, Osmaniye, Gaziantep, Kilis, \u015eanl\u0131urfa, Malatya, Ad\u0131yaman, Elaz\u0131\u011f, Diyarbak\u0131r, Tunceli, Mardin, Bing\u00f6l, Batman, Mu\u015f, [&hellip;]","protected":false},"author":2,"featured_media":0,"parent":130,"menu_order":12,"comment_status":"closed","ping_status":"closed","template":"","meta":{"footnotes":""},"class_list":["post-165","page","type-page","status-publish","hentry"],"_links":{"self":[{"href":"https:\/\/consizmir.esteri.it\/tr\/wp-json\/wp\/v2\/pages\/165","targetHints":{"allow":["GET"]}}],"collection":[{"href":"https:\/\/consizmir.esteri.it\/tr\/wp-json\/wp\/v2\/pages"}],"about":[{"href":"https:\/\/consizmir.esteri.it\/tr\/wp-json\/wp\/v2\/types\/page"}],"author":[{"embeddable":true,"href":"https:\/\/consizmir.esteri.it\/tr\/wp-json\/wp\/v2\/users\/2"}],"replies":[{"embeddable":true,"href":"https:\/\/consizmir.esteri.it\/tr\/wp-json\/wp\/v2\/comments?post=165"}],"version-history":[{"count":7,"href":"https:\/\/consizmir.esteri.it\/tr\/wp-json\/wp\/v2\/pages\/165\/revisions"}],"predecessor-version":[{"id":4053,"href":"https:\/\/consizmir.esteri.it\/tr\/wp-json\/wp\/v2\/pages\/165\/revisions\/4053"}],"up":[{"embeddable":true,"href":"https:\/\/consizmir.esteri.it\/tr\/wp-json\/wp\/v2\/pages\/130"}],"wp:attachment":[{"href":"https:\/\/consizmir.esteri.it\/tr\/wp-json\/wp\/v2\/media?parent=165"}],"curies":[{"name":"wp","href":"https:\/\/api.w.org\/{rel}","templated":true}]}}