{"id":187,"date":"2023-03-26T21:45:56","date_gmt":"2023-03-26T21:45:56","guid":{"rendered":"https:\/\/consizmir.esteri.it\/servizi-consolari-e-visti\/servizi-per-il-cittadino-italiano\/"},"modified":"2025-03-18T11:46:11","modified_gmt":"2025-03-18T11:46:11","slug":"servizi-per-il-cittadino-italiano","status":"publish","type":"page","link":"https:\/\/consizmir.esteri.it\/tr\/servizi-consolari-e-visti\/servizi-per-il-cittadino-italiano\/","title":{"rendered":"\u0130talyan vatanda\u015f\u0131 i\u00e7in hizmetler"},"content":{"rendered":"<div class=\"entry-content\">\n<p>\u0130zmir \u0130talya Konsoloslu\u011fu T\u00fcrkiye\u2019de ikamet eden vatanda\u015flar\u0131na \u00e7e\u015fitli hizmetler vermektedir.<\/p>\n<p>\u0130talya Konsoloslu\u011fu temel haklar\u0131n ihlali, tutuklanma veya g\u00f6z alt\u0131na al\u0131nma, \u00f6l\u00fcm, kaza, ciddi hastal\u0131k, \u015fiddet eylemleri, kriz anlar\u0131nda acil m\u00fcdahaleler (do\u011fal afetler, i\u00e7 kar\u0131\u015f\u0131kl\u0131k, silahl\u0131 \u00e7at\u0131\u015fma, vb.), aile fertlerinin aranmas\u0131, kay\u0131p veya \u00e7al\u0131nt\u0131 pasaport vakalar\u0131nda seyahat belgesi tanzim edilmesi, cenazelerin yurda g\u00f6nderilmesi gibi bir\u00e7ok durumda vatanda\u015flar\u0131n\u0131n haklar\u0131n\u0131 korur.<\/p>\n<p>Konsolosluk hizmetlerinin k\u0131smi listesine sa\u011fdaki men\u00fcden ula\u015fabilirsiniz. <strong>Baz\u0131 hizmetler y\u00fcr\u00fcrl\u00fckte olan konsolosluk tarifeleri uyar\u0131nca \u00fccretlidir.<\/strong><\/p>\n<p>Konsolosluk hizmetleri; e\u015fitlik, tarafs\u0131zl\u0131k, etkinlik ve \u015feffafl\u0131k ilkeleri \u00e7er\u00e7evesinde y\u00fcr\u00fct\u00fclmektedir. Baz\u0131 haklar ve verilen hizmetlere eri\u015fim, 1988 y\u0131l\u0131 470 say\u0131l\u0131 kanun uyar\u0131nca, sadece AIRE\u2019ye (Yurtd\u0131\u015f\u0131nda ikamet eden \u0130talyan vatanda\u015flar\u0131 n\u00fcfus k\u00fct\u00fc\u011f\u00fc) kay\u0131t olmu\u015f olan vatanda\u015flar\u0131m\u0131za mahsustur.<\/p>\n<p>\u0130zmir \u0130talya Konsoloslu\u011fu randevu \u00fczerine halka a\u00e7\u0131kt\u0131r. Randevu almak i\u00e7in <a href=\"mailto:izmir.cittadini@esteri.it\">izmir.cittadini@esteri.it<\/a> adresine e-posta g\u00f6nderiniz. \u00d6\u011fleden sonra veya tatil g\u00fcnlerinde, yaln\u0131zca acil durumlara mahsus olmak \u00fczere <span class=\"baec5a81-e4d6-4674-97f3-e9220f0136c1\">+90 532 6773273<\/span> numaral\u0131 telefonu arayabilirsiniz.<\/p>\n<p>T\u00fcrkiye\u2019ye giri\u015f \u015fartlar\u0131 (pasaport, vize, re\u015fit olmayanlar\u0131n yurtd\u0131\u015f\u0131na \u00e7\u0131k\u0131\u015f\u0131, g\u00fcmr\u00fck ve d\u00f6viz formaliteleri), g\u00fcvenlik, sa\u011fl\u0131k ko\u015fullar\u0131 ve seyahat etmekle ilgili bilgi almak i\u00e7in <a href=\"https:\/\/www.viaggiaresicuri.it\/find-country\/country\/TUR\">Viaggiare Sicuri \u2013 Turchia<\/a> sitesine ba\u015fvurunuz.<\/p>\n<\/div>\n","protected":false},"excerpt":{"rendered":"\u0130zmir \u0130talya Konsoloslu\u011fu T\u00fcrkiye\u2019de ikamet eden vatanda\u015flar\u0131na \u00e7e\u015fitli hizmetler vermektedir. \u0130talya Konsoloslu\u011fu temel haklar\u0131n ihlali, tutuklanma veya g\u00f6z alt\u0131na al\u0131nma, \u00f6l\u00fcm, kaza, ciddi hastal\u0131k, \u015fiddet eylemleri, kriz anlar\u0131nda acil m\u00fcdahaleler (do\u011fal afetler, i\u00e7 kar\u0131\u015f\u0131kl\u0131k, silahl\u0131 \u00e7at\u0131\u015fma, vb.), aile fertlerinin aranmas\u0131, kay\u0131p veya \u00e7al\u0131nt\u0131 pasaport vakalar\u0131nda seyahat belgesi tanzim edilmesi, cenazelerin yurda g\u00f6nderilmesi gibi bir\u00e7ok durumda [&hellip;]","protected":false},"author":2,"featured_media":0,"parent":135,"menu_order":0,"comment_status":"closed","ping_status":"closed","template":"","meta":{"footnotes":""},"class_list":["post-187","page","type-page","status-publish","hentry"],"_links":{"self":[{"href":"https:\/\/consizmir.esteri.it\/tr\/wp-json\/wp\/v2\/pages\/187","targetHints":{"allow":["GET"]}}],"collection":[{"href":"https:\/\/consizmir.esteri.it\/tr\/wp-json\/wp\/v2\/pages"}],"about":[{"href":"https:\/\/consizmir.esteri.it\/tr\/wp-json\/wp\/v2\/types\/page"}],"author":[{"embeddable":true,"href":"https:\/\/consizmir.esteri.it\/tr\/wp-json\/wp\/v2\/users\/2"}],"replies":[{"embeddable":true,"href":"https:\/\/consizmir.esteri.it\/tr\/wp-json\/wp\/v2\/comments?post=187"}],"version-history":[{"count":5,"href":"https:\/\/consizmir.esteri.it\/tr\/wp-json\/wp\/v2\/pages\/187\/revisions"}],"predecessor-version":[{"id":3142,"href":"https:\/\/consizmir.esteri.it\/tr\/wp-json\/wp\/v2\/pages\/187\/revisions\/3142"}],"up":[{"embeddable":true,"href":"https:\/\/consizmir.esteri.it\/tr\/wp-json\/wp\/v2\/pages\/135"}],"wp:attachment":[{"href":"https:\/\/consizmir.esteri.it\/tr\/wp-json\/wp\/v2\/media?parent=187"}],"curies":[{"name":"wp","href":"https:\/\/api.w.org\/{rel}","templated":true}]}}