{"id":221,"date":"2023-03-26T22:10:26","date_gmt":"2023-03-26T22:10:26","guid":{"rendered":"https:\/\/consizmir.esteri.it\/servizi-consolari-e-visti\/servizi-per-il-cittadino-straniero\/traduzione-e-legalizzazione-dei-documenti\/"},"modified":"2025-03-18T12:06:44","modified_gmt":"2025-03-18T12:06:44","slug":"traduzione-e-legalizzazione-dei-documenti","status":"publish","type":"page","link":"https:\/\/consizmir.esteri.it\/tr\/servizi-consolari-e-visti\/servizi-per-il-cittadino-straniero\/traduzione-e-legalizzazione-dei-documenti\/","title":{"rendered":"Belgelerin \u00e7evirisi ve tasdi\u011fi"},"content":{"rendered":"<p>\u0130talya Konsoloslu\u011fu \u00e7eviri yapmamaktad\u0131r. \u0130lgililerin genellikle \u00e7evirisine ihtiyac\u0131 olduklar\u0131 belgelerin \u00e7evirisi kendilerin sorumlulu\u011fundad\u0131r.<br \/>\nAncak, \u0130talya Konsoloslu\u011fu medeni hal kay\u0131tlar\u0131n\u0131n ve di\u011fer \u00e7e\u015fitli belgelerin terc\u00fcmelerinin as\u0131llar\u0131na uygunlu\u011funu onaylamaktad\u0131r.<br \/>\n\u0130zmir b\u00f6lgesinde ileti\u015fim kurabilece\u011finiz \u00e7evirmen ve terc\u00fcman listesi i\u00e7in <a href=\"http:\/\/elenco_dei_traduttori_di_riferimento_del_consolato_ditalia_ad_izmir_02_08_23\">buraya<\/a> t\u0131klay\u0131n.<\/p>\n","protected":false},"excerpt":{"rendered":"\u0130talya Konsoloslu\u011fu \u00e7eviri yapmamaktad\u0131r. \u0130lgililerin genellikle \u00e7evirisine ihtiyac\u0131 olduklar\u0131 belgelerin \u00e7evirisi kendilerin sorumlulu\u011fundad\u0131r. Ancak, \u0130talya Konsoloslu\u011fu medeni hal kay\u0131tlar\u0131n\u0131n ve di\u011fer \u00e7e\u015fitli belgelerin terc\u00fcmelerinin as\u0131llar\u0131na uygunlu\u011funu onaylamaktad\u0131r. \u0130zmir b\u00f6lgesinde ileti\u015fim kurabilece\u011finiz \u00e7evirmen ve terc\u00fcman listesi i\u00e7in buraya t\u0131klay\u0131n.","protected":false},"author":2,"featured_media":0,"parent":189,"menu_order":4,"comment_status":"closed","ping_status":"closed","template":"","meta":{"footnotes":""},"class_list":["post-221","page","type-page","status-publish","hentry"],"_links":{"self":[{"href":"https:\/\/consizmir.esteri.it\/tr\/wp-json\/wp\/v2\/pages\/221","targetHints":{"allow":["GET"]}}],"collection":[{"href":"https:\/\/consizmir.esteri.it\/tr\/wp-json\/wp\/v2\/pages"}],"about":[{"href":"https:\/\/consizmir.esteri.it\/tr\/wp-json\/wp\/v2\/types\/page"}],"author":[{"embeddable":true,"href":"https:\/\/consizmir.esteri.it\/tr\/wp-json\/wp\/v2\/users\/2"}],"replies":[{"embeddable":true,"href":"https:\/\/consizmir.esteri.it\/tr\/wp-json\/wp\/v2\/comments?post=221"}],"version-history":[{"count":5,"href":"https:\/\/consizmir.esteri.it\/tr\/wp-json\/wp\/v2\/pages\/221\/revisions"}],"predecessor-version":[{"id":3150,"href":"https:\/\/consizmir.esteri.it\/tr\/wp-json\/wp\/v2\/pages\/221\/revisions\/3150"}],"up":[{"embeddable":true,"href":"https:\/\/consizmir.esteri.it\/tr\/wp-json\/wp\/v2\/pages\/189"}],"wp:attachment":[{"href":"https:\/\/consizmir.esteri.it\/tr\/wp-json\/wp\/v2\/media?parent=221"}],"curies":[{"name":"wp","href":"https:\/\/api.w.org\/{rel}","templated":true}]}}